{"id":385,"date":"2025-05-06T19:33:38","date_gmt":"2025-05-06T17:33:38","guid":{"rendered":"https:\/\/zamawelding.sk\/?page_id=385"},"modified":"2025-06-04T15:22:16","modified_gmt":"2025-06-04T13:22:16","slug":"spolocnost","status":"publish","type":"page","link":"https:\/\/zamawelding.sk\/de\/unternehmen\/","title":{"rendered":"Unternehmen"},"content":{"rendered":"<div data-elementor-type=\"wp-page\" data-elementor-id=\"385\" class=\"elementor elementor-385\" data-elementor-post-type=\"page\">\n\t\t\t\t<div class=\"elementor-element elementor-element-5434f04 e-flex e-con-boxed e-con e-parent\" data-id=\"5434f04\" data-element_type=\"container\">\n\t\t\t\t\t<div class=\"e-con-inner\">\n\t\t<div class=\"elementor-element elementor-element-1547efa e-con-full e-flex e-con e-child\" data-id=\"1547efa\" data-element_type=\"container\">\n\t\t<div class=\"elementor-element elementor-element-98ea99b e-con-full e-flex e-con e-child\" data-id=\"98ea99b\" data-element_type=\"container\">\n\t\t\t\t<div class=\"elementor-element elementor-element-2dfd894 elementor-widget__width-initial elementor-view-default elementor-widget elementor-widget-icon\" data-id=\"2dfd894\" data-element_type=\"widget\" data-widget_type=\"icon.default\">\n\t\t\t\t<div class=\"elementor-widget-container\">\n\t\t\t\t\t\t\t<div class=\"elementor-icon-wrapper\">\n\t\t\t<div class=\"elementor-icon\">\n\t\t\t<svg xmlns=\"http:\/\/www.w3.org\/2000\/svg\" width=\"8\" height=\"18\" viewbox=\"0 0 8 18\" fill=\"none\"><path d=\"M3.99296 7.99986C6.20607 7.99986 8.0009 6.20928 8.0009 3.99938C8.0009 1.79053 6.20607 0 3.99296 0C1.78732 0 0 1.79053 0 3.99938C0 6.21035 1.78732 7.99986 3.99296 7.99986Z\" fill=\"#0F2E61\"><\/path><path d=\"M3.99251 18C6.20537 18 8 16.211 8 14.0043C8 11.7891 6.20537 10 3.99251 10C1.78712 10 0 11.7891 0 14.0043C0 16.211 1.78712 18 3.99251 18Z\" fill=\"#0F2E61\"><\/path><\/svg>\t\t\t<\/div>\n\t\t<\/div>\n\t\t\t\t\t\t<\/div>\n\t\t\t\t<\/div>\n\t\t\t\t<div class=\"elementor-element elementor-element-d5e438c elementor-widget elementor-widget-heading\" data-id=\"d5e438c\" data-element_type=\"widget\" data-widget_type=\"heading.default\">\n\t\t\t\t<div class=\"elementor-widget-container\">\n\t\t\t\t\t<h3 class=\"elementor-heading-title elementor-size-default\">Unternehmen<\/h3>\t\t\t\t<\/div>\n\t\t\t\t<\/div>\n\t\t\t\t<\/div>\n\t\t\t\t<div class=\"elementor-element elementor-element-3c552f8 elementor-widget elementor-widget-heading\" data-id=\"3c552f8\" data-element_type=\"widget\" data-widget_type=\"heading.default\">\n\t\t\t\t<div class=\"elementor-widget-container\">\n\t\t\t\t\t<h1 class=\"elementor-heading-title elementor-size-default\">Kompetenz und Qualit\u00e4t stecken bei uns in jedem Detail<\/h1>\t\t\t\t<\/div>\n\t\t\t\t<\/div>\n\t\t\t\t<div class=\"elementor-element elementor-element-b010de3 elementor-hidden-desktop elementor-widget elementor-widget-image\" data-id=\"b010de3\" data-element_type=\"widget\" data-widget_type=\"image.default\">\n\t\t\t\t<div class=\"elementor-widget-container\">\n\t\t\t\t\t\t\t\t\t\t\t\t\t\t\t<img fetchpriority=\"high\" decoding=\"async\" width=\"1024\" height=\"1024\" src=\"https:\/\/zamawelding.sk\/wp-content\/uploads\/2025\/05\/c621cbcafa13d29e4c27ad6e959f39dbedb1bd63.webp\" class=\"attachment-full size-full wp-image-1175\" alt=\"\" srcset=\"https:\/\/zamawelding.sk\/wp-content\/uploads\/2025\/05\/c621cbcafa13d29e4c27ad6e959f39dbedb1bd63.webp 1024w, https:\/\/zamawelding.sk\/wp-content\/uploads\/2025\/05\/c621cbcafa13d29e4c27ad6e959f39dbedb1bd63-300x300.webp 300w, https:\/\/zamawelding.sk\/wp-content\/uploads\/2025\/05\/c621cbcafa13d29e4c27ad6e959f39dbedb1bd63-150x150.webp 150w, https:\/\/zamawelding.sk\/wp-content\/uploads\/2025\/05\/c621cbcafa13d29e4c27ad6e959f39dbedb1bd63-768x768.webp 768w, https:\/\/zamawelding.sk\/wp-content\/uploads\/2025\/05\/c621cbcafa13d29e4c27ad6e959f39dbedb1bd63-12x12.webp 12w\" sizes=\"(max-width: 1024px) 100vw, 1024px\" \/>\t\t\t\t\t\t\t\t\t\t\t\t\t\t\t<\/div>\n\t\t\t\t<\/div>\n\t\t\t\t<div class=\"elementor-element elementor-element-4456315 elementor-widget elementor-widget-text-editor\" data-id=\"4456315\" data-element_type=\"widget\" data-widget_type=\"text-editor.default\">\n\t\t\t\t<div class=\"elementor-widget-container\">\n\t\t\t\t\t\t\t\t\t<p>ZAMA Welding s.r.o. konzentriert sich auf die Herstellung und Montage von Edelstahl-Rohrleitungssystemen und -Anlagen f\u00fcr die Pharma-, Medizin- und Elektronikindustrie, f\u00fcr Halbleitertechnik und das Reingassystem, wobei der Schwerpunkt auf Qualit\u00e4t, Pr\u00e4zision und Zuverl\u00e4ssigkeit liegt.<\/p>\t\t\t\t\t\t\t\t<\/div>\n\t\t\t\t<\/div>\n\t\t\t\t<div class=\"elementor-element elementor-element-0c8de4e elementor-widget elementor-widget-button\" data-id=\"0c8de4e\" data-element_type=\"widget\" data-widget_type=\"button.default\">\n\t\t\t\t<div class=\"elementor-widget-container\">\n\t\t\t\t\t\t\t\t\t<div class=\"elementor-button-wrapper\">\n\t\t\t\t\t<a class=\"elementor-button elementor-button-link elementor-size-sm\" href=\"https:\/\/zamawelding.sk\/de\/kontakt\/\">\n\t\t\t\t\t\t<span class=\"elementor-button-content-wrapper\">\n\t\t\t\t\t\t\t\t\t<span class=\"elementor-button-text\">Kontaktieren Sie uns<\/span>\n\t\t\t\t\t<\/span>\n\t\t\t\t\t<\/a>\n\t\t\t\t<\/div>\n\t\t\t\t\t\t\t\t<\/div>\n\t\t\t\t<\/div>\n\t\t\t\t<\/div>\n\t\t<div class=\"elementor-element elementor-element-1eb42ea e-con-full elementor-hidden-tablet elementor-hidden-mobile e-flex e-con e-child\" data-id=\"1eb42ea\" data-element_type=\"container\" data-settings=\"{&quot;background_background&quot;:&quot;classic&quot;}\">\n\t\t\t\t<\/div>\n\t\t\t\t\t<\/div>\n\t\t\t\t<\/div>\n\t\t<div class=\"elementor-element elementor-element-0d71250 e-flex e-con-boxed e-con e-parent\" data-id=\"0d71250\" data-element_type=\"container\">\n\t\t\t\t\t<div class=\"e-con-inner\">\n\t\t<div class=\"elementor-element elementor-element-c997a73 e-con-full e-flex e-con e-child\" data-id=\"c997a73\" data-element_type=\"container\">\n\t\t\t\t<div class=\"elementor-element elementor-element-0c26db9 elementor-widget elementor-widget-heading\" data-id=\"0c26db9\" data-element_type=\"widget\" data-no-translation=\"\" data-widget_type=\"heading.default\">\n\t\t\t\t<div class=\"elementor-widget-container\">\n\t\t\t\t\t<style>.elementor-element-0c26db9{display:none !important}<\/style>\t\t\t\t<\/div>\n\t\t\t\t<\/div>\n\t\t\t\t<div class=\"elementor-element elementor-element-1f98a7d elementor-widget elementor-widget-heading\" data-id=\"1f98a7d\" data-element_type=\"widget\" data-no-translation=\"\" data-widget_type=\"heading.default\">\n\t\t\t\t<div class=\"elementor-widget-container\">\n\t\t\t\t\t<style>.elementor-element-1f98a7d{display:none !important}<\/style>\t\t\t\t<\/div>\n\t\t\t\t<\/div>\n\t\t\t\t<div class=\"elementor-element elementor-element-9a46f96 elementor-widget elementor-widget-heading\" data-id=\"9a46f96\" data-element_type=\"widget\" data-no-translation=\"\" data-widget_type=\"heading.default\">\n\t\t\t\t<div class=\"elementor-widget-container\">\n\t\t\t\t\t<h2 class=\"elementor-heading-title elementor-size-default\"><span><strong>ZAMA Welding bietet Dienstleistungen<\/strong> von h\u00f6chster Qualit\u00e4t, innovative L\u00f6sungen und einen individuellen f\u00fcr jedes Projekt.<\/span><\/h2>\t\t\t\t<\/div>\n\t\t\t\t<\/div>\n\t\t\t\t<div class=\"elementor-element elementor-element-09336e9 elementor-widget elementor-widget-heading\" data-id=\"09336e9\" data-element_type=\"widget\" data-no-translation=\"\" data-widget_type=\"heading.default\">\n\t\t\t\t<div class=\"elementor-widget-container\">\n\t\t\t\t\t<style>.elementor-element-09336e9{display:none !important}<\/style>\t\t\t\t<\/div>\n\t\t\t\t<\/div>\n\t\t\t\t<\/div>\n\t\t\t\t\t<\/div>\n\t\t\t\t<\/div>\n\t\t<div class=\"elementor-element elementor-element-cee547c e-grid e-con-boxed e-con e-parent\" data-id=\"cee547c\" data-element_type=\"container\">\n\t\t\t\t\t<div class=\"e-con-inner\">\n\t\t<div class=\"elementor-element elementor-element-f59c7b6 e-con-full e-flex e-con e-child\" data-id=\"f59c7b6\" data-element_type=\"container\">\n\t\t\t\t<div class=\"elementor-element elementor-element-42d9b8f elementor-widget elementor-widget-image\" data-id=\"42d9b8f\" data-element_type=\"widget\" data-widget_type=\"image.default\">\n\t\t\t\t<div class=\"elementor-widget-container\">\n\t\t\t\t\t\t\t\t\t\t\t\t\t\t\t<img decoding=\"async\" width=\"800\" height=\"532\" src=\"https:\/\/zamawelding.sk\/wp-content\/uploads\/2025\/05\/94004d6c016a7ab85c1f05a1353f3e14ad943b19-1024x681.webp\" class=\"attachment-large size-large wp-image-400\" alt=\"\" srcset=\"https:\/\/zamawelding.sk\/wp-content\/uploads\/2025\/05\/94004d6c016a7ab85c1f05a1353f3e14ad943b19-1024x681.webp 1024w, https:\/\/zamawelding.sk\/wp-content\/uploads\/2025\/05\/94004d6c016a7ab85c1f05a1353f3e14ad943b19-300x200.webp 300w, https:\/\/zamawelding.sk\/wp-content\/uploads\/2025\/05\/94004d6c016a7ab85c1f05a1353f3e14ad943b19-768x511.webp 768w, https:\/\/zamawelding.sk\/wp-content\/uploads\/2025\/05\/94004d6c016a7ab85c1f05a1353f3e14ad943b19-1536x1022.webp 1536w, https:\/\/zamawelding.sk\/wp-content\/uploads\/2025\/05\/94004d6c016a7ab85c1f05a1353f3e14ad943b19-2048x1363.webp 2048w\" sizes=\"(max-width: 800px) 100vw, 800px\" \/>\t\t\t\t\t\t\t\t\t\t\t\t\t\t\t<\/div>\n\t\t\t\t<\/div>\n\t\t\t\t<div class=\"elementor-element elementor-element-4f3245f elementor-widget elementor-widget-heading\" data-id=\"4f3245f\" data-element_type=\"widget\" data-widget_type=\"heading.default\">\n\t\t\t\t<div class=\"elementor-widget-container\">\n\t\t\t\t\t<h3 class=\"elementor-heading-title elementor-size-default\">Professionalit\u00e4t<\/h3>\t\t\t\t<\/div>\n\t\t\t\t<\/div>\n\t\t\t\t<div class=\"elementor-element elementor-element-15410e3 elementor-widget elementor-widget-text-editor\" data-id=\"15410e3\" data-element_type=\"widget\" data-widget_type=\"text-editor.default\">\n\t\t\t\t<div class=\"elementor-widget-container\">\n\t\t\t\t\t\t\t\t\t<p>Jedes Projekt wird mit einem hohen Ma\u00df an Fachwissen ausgef\u00fchrt.<\/p>\t\t\t\t\t\t\t\t<\/div>\n\t\t\t\t<\/div>\n\t\t\t\t<\/div>\n\t\t<div class=\"elementor-element elementor-element-6d20906 e-con-full e-flex e-con e-child\" data-id=\"6d20906\" data-element_type=\"container\">\n\t\t\t\t<div class=\"elementor-element elementor-element-6a472e2 elementor-widget elementor-widget-image\" data-id=\"6a472e2\" data-element_type=\"widget\" data-widget_type=\"image.default\">\n\t\t\t\t<div class=\"elementor-widget-container\">\n\t\t\t\t\t\t\t\t\t\t\t\t\t\t\t<img decoding=\"async\" width=\"800\" height=\"534\" src=\"https:\/\/zamawelding.sk\/wp-content\/uploads\/2025\/05\/62301c7e144d2002d53d4e96abe575e48a39977f-1024x683.webp\" class=\"attachment-large size-large wp-image-399\" alt=\"\" srcset=\"https:\/\/zamawelding.sk\/wp-content\/uploads\/2025\/05\/62301c7e144d2002d53d4e96abe575e48a39977f-1024x683.webp 1024w, https:\/\/zamawelding.sk\/wp-content\/uploads\/2025\/05\/62301c7e144d2002d53d4e96abe575e48a39977f-300x200.webp 300w, https:\/\/zamawelding.sk\/wp-content\/uploads\/2025\/05\/62301c7e144d2002d53d4e96abe575e48a39977f-768x512.webp 768w, https:\/\/zamawelding.sk\/wp-content\/uploads\/2025\/05\/62301c7e144d2002d53d4e96abe575e48a39977f-1536x1024.webp 1536w, https:\/\/zamawelding.sk\/wp-content\/uploads\/2025\/05\/62301c7e144d2002d53d4e96abe575e48a39977f-2048x1365.webp 2048w\" sizes=\"(max-width: 800px) 100vw, 800px\" \/>\t\t\t\t\t\t\t\t\t\t\t\t\t\t\t<\/div>\n\t\t\t\t<\/div>\n\t\t\t\t<div class=\"elementor-element elementor-element-01a41a0 elementor-widget elementor-widget-heading\" data-id=\"01a41a0\" data-element_type=\"widget\" data-widget_type=\"heading.default\">\n\t\t\t\t<div class=\"elementor-widget-container\">\n\t\t\t\t\t<h3 class=\"elementor-heading-title elementor-size-default\">Pr\u00e4zision<\/h3>\t\t\t\t<\/div>\n\t\t\t\t<\/div>\n\t\t\t\t<div class=\"elementor-element elementor-element-fc5f5f2 elementor-widget elementor-widget-text-editor\" data-id=\"fc5f5f2\" data-element_type=\"widget\" data-widget_type=\"text-editor.default\">\n\t\t\t\t<div class=\"elementor-widget-container\">\n\t\t\t\t\t\t\t\t\t<p>Das Unternehmen achtet auf jedes Detail, um sicherzustellen, dass die L\u00f6sungen funktional, nachhaltig und zuverl\u00e4ssig sind.<\/p>\t\t\t\t\t\t\t\t<\/div>\n\t\t\t\t<\/div>\n\t\t\t\t<\/div>\n\t\t<div class=\"elementor-element elementor-element-7d30110 e-con-full e-flex e-con e-child\" data-id=\"7d30110\" data-element_type=\"container\">\n\t\t\t\t<div class=\"elementor-element elementor-element-1d8d193 elementor-widget elementor-widget-image\" data-id=\"1d8d193\" data-element_type=\"widget\" data-widget_type=\"image.default\">\n\t\t\t\t<div class=\"elementor-widget-container\">\n\t\t\t\t\t\t\t\t\t\t\t\t\t\t\t<img loading=\"lazy\" decoding=\"async\" width=\"800\" height=\"534\" src=\"https:\/\/zamawelding.sk\/wp-content\/uploads\/2025\/05\/fdea9128784db7cdba1b9b0e36588f6fb36f9e07-1024x683.webp\" class=\"attachment-large size-large wp-image-401\" alt=\"\" srcset=\"https:\/\/zamawelding.sk\/wp-content\/uploads\/2025\/05\/fdea9128784db7cdba1b9b0e36588f6fb36f9e07-1024x683.webp 1024w, https:\/\/zamawelding.sk\/wp-content\/uploads\/2025\/05\/fdea9128784db7cdba1b9b0e36588f6fb36f9e07-300x200.webp 300w, https:\/\/zamawelding.sk\/wp-content\/uploads\/2025\/05\/fdea9128784db7cdba1b9b0e36588f6fb36f9e07-768x512.webp 768w, https:\/\/zamawelding.sk\/wp-content\/uploads\/2025\/05\/fdea9128784db7cdba1b9b0e36588f6fb36f9e07.webp 1536w\" sizes=\"(max-width: 800px) 100vw, 800px\" \/>\t\t\t\t\t\t\t\t\t\t\t\t\t\t\t<\/div>\n\t\t\t\t<\/div>\n\t\t\t\t<div class=\"elementor-element elementor-element-59577e7 elementor-widget elementor-widget-heading\" data-id=\"59577e7\" data-element_type=\"widget\" data-widget_type=\"heading.default\">\n\t\t\t\t<div class=\"elementor-widget-container\">\n\t\t\t\t\t<h3 class=\"elementor-heading-title elementor-size-default\">Kundenorientierter Ansatz<\/h3>\t\t\t\t<\/div>\n\t\t\t\t<\/div>\n\t\t\t\t<div class=\"elementor-element elementor-element-c164770 elementor-widget elementor-widget-text-editor\" data-id=\"c164770\" data-element_type=\"widget\" data-widget_type=\"text-editor.default\">\n\t\t\t\t<div class=\"elementor-widget-container\">\n\t\t\t\t\t\t\t\t\t<p>Die Zufriedenheit der Kunden steht f\u00fcr das Unternehmen an erster Stelle, daher ist eine individuelle Betreuung selbstverst\u00e4ndlich.<\/p>\t\t\t\t\t\t\t\t<\/div>\n\t\t\t\t<\/div>\n\t\t\t\t<\/div>\n\t\t\t\t\t<\/div>\n\t\t\t\t<\/div>\n\t\t<div class=\"elementor-element elementor-element-e7f8f90 e-flex e-con-boxed e-con e-parent\" data-id=\"e7f8f90\" data-element_type=\"container\">\n\t\t\t\t\t<div class=\"e-con-inner\">\n\t\t\t\t<div class=\"elementor-element elementor-element-4f1a04a elementor-widget__width-initial elementor-widget-tablet__width-inherit elementor-widget elementor-widget-image\" data-id=\"4f1a04a\" data-element_type=\"widget\" data-widget_type=\"image.default\">\n\t\t\t\t<div class=\"elementor-widget-container\">\n\t\t\t\t\t\t\t\t\t\t\t\t\t\t\t<img loading=\"lazy\" decoding=\"async\" width=\"800\" height=\"450\" src=\"https:\/\/zamawelding.sk\/wp-content\/uploads\/2025\/05\/c1a42135d15c3d42c2023a0a4e73adc0b2aa3b33-1-1024x576.webp\" class=\"attachment-large size-large wp-image-402\" alt=\"\" srcset=\"https:\/\/zamawelding.sk\/wp-content\/uploads\/2025\/05\/c1a42135d15c3d42c2023a0a4e73adc0b2aa3b33-1-1024x576.webp 1024w, https:\/\/zamawelding.sk\/wp-content\/uploads\/2025\/05\/c1a42135d15c3d42c2023a0a4e73adc0b2aa3b33-1-300x169.webp 300w, https:\/\/zamawelding.sk\/wp-content\/uploads\/2025\/05\/c1a42135d15c3d42c2023a0a4e73adc0b2aa3b33-1-768x432.webp 768w, https:\/\/zamawelding.sk\/wp-content\/uploads\/2025\/05\/c1a42135d15c3d42c2023a0a4e73adc0b2aa3b33-1-1536x864.webp 1536w, https:\/\/zamawelding.sk\/wp-content\/uploads\/2025\/05\/c1a42135d15c3d42c2023a0a4e73adc0b2aa3b33-1.webp 1920w\" sizes=\"(max-width: 800px) 100vw, 800px\" \/>\t\t\t\t\t\t\t\t\t\t\t\t\t\t\t<\/div>\n\t\t\t\t<\/div>\n\t\t<div class=\"elementor-element elementor-element-349aad3 e-con-full e-flex e-con e-child\" data-id=\"349aad3\" data-element_type=\"container\">\n\t\t\t\t<div class=\"elementor-element elementor-element-b384641 elementor-widget elementor-widget-heading\" data-id=\"b384641\" data-element_type=\"widget\" data-widget_type=\"heading.default\">\n\t\t\t\t<div class=\"elementor-widget-container\">\n\t\t\t\t\t<h2 class=\"elementor-heading-title elementor-size-default\">Vision<\/h2>\t\t\t\t<\/div>\n\t\t\t\t<\/div>\n\t\t\t\t<div class=\"elementor-element elementor-element-883cb64 elementor-widget elementor-widget-text-editor\" data-id=\"883cb64\" data-element_type=\"widget\" data-widget_type=\"text-editor.default\">\n\t\t\t\t<div class=\"elementor-widget-container\">\n\t\t\t\t\t\t\t\t\t<p class=\"translation-block\"><strong>Ziel des Unternehmens ist es, seine Position als Branchenf\u00fchrer zu festigen<\/strong> und bevorzugte Partner f\u00fcr weitere zufriedene Kunden zu werden.<\/p><p>\u00a0<\/p><p>Zur Verwirklichung dieser Vision richtet sich das Unternehmen nach den folgenden Grunds\u00e4tzen:<\/p>\t\t\t\t\t\t\t\t<\/div>\n\t\t\t\t<\/div>\n\t\t<div class=\"elementor-element elementor-element-9d33181 e-con-full e-grid e-con e-child\" data-id=\"9d33181\" data-element_type=\"container\">\n\t\t<div class=\"elementor-element elementor-element-adb0597 e-con-full e-flex e-con e-child\" data-id=\"adb0597\" data-element_type=\"container\">\n\t\t\t\t<div class=\"elementor-element elementor-element-17b2f04 elementor-widget__width-initial elementor-widget elementor-widget-image\" data-id=\"17b2f04\" data-element_type=\"widget\" data-widget_type=\"image.default\">\n\t\t\t\t<div class=\"elementor-widget-container\">\n\t\t\t\t\t\t\t\t\t\t\t\t\t\t\t<img loading=\"lazy\" decoding=\"async\" width=\"64\" height=\"64\" src=\"https:\/\/zamawelding.sk\/wp-content\/uploads\/2025\/05\/Group-1000004314.svg\" class=\"attachment-large size-large wp-image-405\" alt=\"\" \/>\t\t\t\t\t\t\t\t\t\t\t\t\t\t\t<\/div>\n\t\t\t\t<\/div>\n\t\t<div class=\"elementor-element elementor-element-5c3b8d3 e-con-full e-flex e-con e-child\" data-id=\"5c3b8d3\" data-element_type=\"container\">\n\t\t\t\t<div class=\"elementor-element elementor-element-1c067e5 elementor-widget elementor-widget-text-editor\" data-id=\"1c067e5\" data-element_type=\"widget\" data-widget_type=\"text-editor.default\">\n\t\t\t\t<div class=\"elementor-widget-container\">\n\t\t\t\t\t\t\t\t\t<p class=\"translation-block\"><strong>Individuelles Herangehen an die Kunden<\/strong> im Hinblick auf die Umsetzung anspruchsvollster Projekte<\/p>\t\t\t\t\t\t\t\t<\/div>\n\t\t\t\t<\/div>\n\t\t\t\t<\/div>\n\t\t\t\t<\/div>\n\t\t<div class=\"elementor-element elementor-element-c71c4e2 e-con-full e-flex e-con e-child\" data-id=\"c71c4e2\" data-element_type=\"container\">\n\t\t\t\t<div class=\"elementor-element elementor-element-33230f6 elementor-widget__width-initial elementor-widget elementor-widget-image\" data-id=\"33230f6\" data-element_type=\"widget\" data-widget_type=\"image.default\">\n\t\t\t\t<div class=\"elementor-widget-container\">\n\t\t\t\t\t\t\t\t\t\t\t\t\t\t\t<img loading=\"lazy\" decoding=\"async\" width=\"64\" height=\"64\" src=\"https:\/\/zamawelding.sk\/wp-content\/uploads\/2025\/05\/Group-1000004315-2.svg\" class=\"attachment-large size-large wp-image-846\" alt=\"\" \/>\t\t\t\t\t\t\t\t\t\t\t\t\t\t\t<\/div>\n\t\t\t\t<\/div>\n\t\t<div class=\"elementor-element elementor-element-8c1584f e-con-full e-flex e-con e-child\" data-id=\"8c1584f\" data-element_type=\"container\">\n\t\t\t\t<div class=\"elementor-element elementor-element-5ab5d5c elementor-widget elementor-widget-text-editor\" data-id=\"5ab5d5c\" data-element_type=\"widget\" data-widget_type=\"text-editor.default\">\n\t\t\t\t<div class=\"elementor-widget-container\">\n\t\t\t\t\t\t\t\t\t<p><strong>Aktives Lernen und Ausbau von F\u00e4higkeiten und Kompetenzen der Mitarbeiter<\/strong><\/p>\t\t\t\t\t\t\t\t<\/div>\n\t\t\t\t<\/div>\n\t\t\t\t<\/div>\n\t\t\t\t<\/div>\n\t\t<div class=\"elementor-element elementor-element-a5f6fba e-con-full e-flex e-con e-child\" data-id=\"a5f6fba\" data-element_type=\"container\">\n\t\t\t\t<div class=\"elementor-element elementor-element-711007f elementor-widget__width-initial elementor-widget elementor-widget-image\" data-id=\"711007f\" data-element_type=\"widget\" data-widget_type=\"image.default\">\n\t\t\t\t<div class=\"elementor-widget-container\">\n\t\t\t\t\t\t\t\t\t\t\t\t\t\t\t<img loading=\"lazy\" decoding=\"async\" width=\"64\" height=\"64\" src=\"https:\/\/zamawelding.sk\/wp-content\/uploads\/2025\/05\/Group-1000004316-2.svg\" class=\"attachment-large size-large wp-image-847\" alt=\"\" \/>\t\t\t\t\t\t\t\t\t\t\t\t\t\t\t<\/div>\n\t\t\t\t<\/div>\n\t\t<div class=\"elementor-element elementor-element-6796756 e-con-full e-flex e-con e-child\" data-id=\"6796756\" data-element_type=\"container\">\n\t\t\t\t<div class=\"elementor-element elementor-element-0fedfe3 elementor-widget elementor-widget-text-editor\" data-id=\"0fedfe3\" data-element_type=\"widget\" data-widget_type=\"text-editor.default\">\n\t\t\t\t<div class=\"elementor-widget-container\">\n\t\t\t\t\t\t\t\t\t<p class=\"translation-block\"><strong>Investitionen in die Infrastruktur des Unternehmens<\/strong>\n\u2013 insbesondere moderne Technologien in der Produktion<\/p>\t\t\t\t\t\t\t\t<\/div>\n\t\t\t\t<\/div>\n\t\t\t\t<\/div>\n\t\t\t\t<\/div>\n\t\t\t\t<\/div>\n\t\t\t\t<\/div>\n\t\t\t\t\t<\/div>\n\t\t\t\t<\/div>\n\t\t<div class=\"elementor-element elementor-element-ae1e203 e-flex e-con-boxed e-con e-parent\" data-id=\"ae1e203\" data-element_type=\"container\">\n\t\t\t\t\t<div class=\"e-con-inner\">\n\t\t<div class=\"elementor-element elementor-element-36d934b e-flex e-con-boxed e-con e-child\" data-id=\"36d934b\" data-element_type=\"container\" data-settings=\"{&quot;background_background&quot;:&quot;classic&quot;}\">\n\t\t\t\t\t<div class=\"e-con-inner\">\n\t\t\t\t<div class=\"elementor-element elementor-element-2f25096 elementor-widget elementor-widget-heading\" data-id=\"2f25096\" data-element_type=\"widget\" data-widget_type=\"heading.default\">\n\t\t\t\t<div class=\"elementor-widget-container\">\n\t\t\t\t\t<h1 class=\"elementor-heading-title elementor-size-default\">Wir glauben an Wachstum, Qualit\u00e4t und Innovation als Schl\u00fcsselelemente f\u00fcr den Erfolg in einem globalen industriellen Umfeld<\/h1>\t\t\t\t<\/div>\n\t\t\t\t<\/div>\n\t\t\t\t<div class=\"elementor-element elementor-element-84e5233 elementor-align-center elementor-widget elementor-widget-button\" data-id=\"84e5233\" data-element_type=\"widget\" data-widget_type=\"button.default\">\n\t\t\t\t<div class=\"elementor-widget-container\">\n\t\t\t\t\t\t\t\t\t<div class=\"elementor-button-wrapper\">\n\t\t\t\t\t<a class=\"elementor-button elementor-button-link elementor-size-sm\" href=\"https:\/\/zamawelding.sk\/de\/kontakt\/\">\n\t\t\t\t\t\t<span class=\"elementor-button-content-wrapper\">\n\t\t\t\t\t\t\t\t\t<span class=\"elementor-button-text\">Kontaktieren Sie uns<\/span>\n\t\t\t\t\t<\/span>\n\t\t\t\t\t<\/a>\n\t\t\t\t<\/div>\n\t\t\t\t\t\t\t\t<\/div>\n\t\t\t\t<\/div>\n\t\t\t\t\t<\/div>\n\t\t\t\t<\/div>\n\t\t\t\t\t<\/div>\n\t\t\t\t<\/div>\n\t\t\t\t<\/div>","protected":false},"excerpt":{"rendered":"<p>Spolo\u010dnos\u0165 Odbornos\u0165 a kvalita je u n\u00e1s v ka\u017edom detaile ZAMA Welding s.r.o. sa zameriava na v\u00fdrobu a mont\u00e1\u017e potrubn\u00fdch syst\u00e9mov a zariaden\u00ed z nehrdzavej\u00facej ocele pre oblasti farmaceutick\u00e9ho, medic\u00ednskeho, elektronick\u00e9ho priemyslu, polovodi\u010dovej techniky a syst\u00e9mu \u010dist\u00fdch plynov s d\u00f4razom na kvalitu, prec\u00edznos\u0165 a spo\u013eahlivos\u0165. Kontaktuje n\u00e1s ZAMA Welding poskytuje slu\u017eby najvy\u0161\u0161ej kvality, inovat\u00edvne rie\u0161enia [&hellip;]<\/p>","protected":false},"author":1,"featured_media":0,"parent":0,"menu_order":0,"comment_status":"closed","ping_status":"closed","template":"","meta":{"_acf_changed":false,"footnotes":""},"class_list":["post-385","page","type-page","status-publish","hentry"],"acf":[],"_links":{"self":[{"href":"https:\/\/zamawelding.sk\/de\/wp-json\/wp\/v2\/pages\/385","targetHints":{"allow":["GET"]}}],"collection":[{"href":"https:\/\/zamawelding.sk\/de\/wp-json\/wp\/v2\/pages"}],"about":[{"href":"https:\/\/zamawelding.sk\/de\/wp-json\/wp\/v2\/types\/page"}],"author":[{"embeddable":true,"href":"https:\/\/zamawelding.sk\/de\/wp-json\/wp\/v2\/users\/1"}],"replies":[{"embeddable":true,"href":"https:\/\/zamawelding.sk\/de\/wp-json\/wp\/v2\/comments?post=385"}],"version-history":[{"count":67,"href":"https:\/\/zamawelding.sk\/de\/wp-json\/wp\/v2\/pages\/385\/revisions"}],"predecessor-version":[{"id":1606,"href":"https:\/\/zamawelding.sk\/de\/wp-json\/wp\/v2\/pages\/385\/revisions\/1606"}],"wp:attachment":[{"href":"https:\/\/zamawelding.sk\/de\/wp-json\/wp\/v2\/media?parent=385"}],"curies":[{"name":"wp","href":"https:\/\/api.w.org\/{rel}","templated":true}]}}