{"id":418,"date":"2025-05-06T19:41:55","date_gmt":"2025-05-06T17:41:55","guid":{"rendered":"https:\/\/zamawelding.sk\/?page_id=418"},"modified":"2026-03-23T08:02:20","modified_gmt":"2026-03-23T07:02:20","slug":"certifikaty","status":"publish","type":"page","link":"https:\/\/zamawelding.sk\/de\/zertifikate\/","title":{"rendered":"Zertifikate"},"content":{"rendered":"<div data-elementor-type=\"wp-page\" data-elementor-id=\"418\" class=\"elementor elementor-418\" data-elementor-post-type=\"page\">\n\t\t\t\t<div class=\"elementor-element elementor-element-e568ca7 e-flex e-con-boxed e-con e-parent\" data-id=\"e568ca7\" data-element_type=\"container\">\n\t\t\t\t\t<div class=\"e-con-inner\">\n\t\t<div class=\"elementor-element elementor-element-914d5bc e-con-full e-flex e-con e-child\" data-id=\"914d5bc\" data-element_type=\"container\">\n\t\t<div class=\"elementor-element elementor-element-befc159 e-con-full e-flex e-con e-child\" data-id=\"befc159\" data-element_type=\"container\">\n\t\t\t\t<div class=\"elementor-element elementor-element-55641ef elementor-widget__width-initial elementor-view-default elementor-widget elementor-widget-icon\" data-id=\"55641ef\" data-element_type=\"widget\" data-widget_type=\"icon.default\">\n\t\t\t\t<div class=\"elementor-widget-container\">\n\t\t\t\t\t\t\t<div class=\"elementor-icon-wrapper\">\n\t\t\t<div class=\"elementor-icon\">\n\t\t\t<svg xmlns=\"http:\/\/www.w3.org\/2000\/svg\" width=\"8\" height=\"18\" viewbox=\"0 0 8 18\" fill=\"none\"><path d=\"M3.99296 7.99986C6.20607 7.99986 8.0009 6.20928 8.0009 3.99938C8.0009 1.79053 6.20607 0 3.99296 0C1.78732 0 0 1.79053 0 3.99938C0 6.21035 1.78732 7.99986 3.99296 7.99986Z\" fill=\"#0F2E61\"><\/path><path d=\"M3.99251 18C6.20537 18 8 16.211 8 14.0043C8 11.7891 6.20537 10 3.99251 10C1.78712 10 0 11.7891 0 14.0043C0 16.211 1.78712 18 3.99251 18Z\" fill=\"#0F2E61\"><\/path><\/svg>\t\t\t<\/div>\n\t\t<\/div>\n\t\t\t\t\t\t<\/div>\n\t\t\t\t<\/div>\n\t\t\t\t<div class=\"elementor-element elementor-element-d6c3aa7 elementor-widget elementor-widget-heading\" data-id=\"d6c3aa7\" data-element_type=\"widget\" data-widget_type=\"heading.default\">\n\t\t\t\t<div class=\"elementor-widget-container\">\n\t\t\t\t\t<h3 class=\"elementor-heading-title elementor-size-default\">Zertifikate<\/h3>\t\t\t\t<\/div>\n\t\t\t\t<\/div>\n\t\t\t\t<\/div>\n\t\t\t\t<div class=\"elementor-element elementor-element-701f89e elementor-widget elementor-widget-heading\" data-id=\"701f89e\" data-element_type=\"widget\" data-widget_type=\"heading.default\">\n\t\t\t\t<div class=\"elementor-widget-container\">\n\t\t\t\t\t<h1 class=\"elementor-heading-title elementor-size-default\">Schwerpunkt auf hohen Qualit\u00e4ts- und Sicherheitsstandards<\/h1>\t\t\t\t<\/div>\n\t\t\t\t<\/div>\n\t\t\t\t<div class=\"elementor-element elementor-element-bbcab8b elementor-hidden-desktop elementor-widget elementor-widget-image\" data-id=\"bbcab8b\" data-element_type=\"widget\" data-widget_type=\"image.default\">\n\t\t\t\t<div class=\"elementor-widget-container\">\n\t\t\t\t\t\t\t\t\t\t\t\t\t\t\t<img fetchpriority=\"high\" decoding=\"async\" width=\"800\" height=\"534\" src=\"https:\/\/zamawelding.sk\/wp-content\/uploads\/2025\/05\/fa55c29a69990b3704f5a8f1e253cc98752e66c3-1024x683.webp\" class=\"attachment-large size-large wp-image-420\" alt=\"\" srcset=\"https:\/\/zamawelding.sk\/wp-content\/uploads\/2025\/05\/fa55c29a69990b3704f5a8f1e253cc98752e66c3-1024x683.webp 1024w, https:\/\/zamawelding.sk\/wp-content\/uploads\/2025\/05\/fa55c29a69990b3704f5a8f1e253cc98752e66c3-300x200.webp 300w, https:\/\/zamawelding.sk\/wp-content\/uploads\/2025\/05\/fa55c29a69990b3704f5a8f1e253cc98752e66c3-768x512.webp 768w, https:\/\/zamawelding.sk\/wp-content\/uploads\/2025\/05\/fa55c29a69990b3704f5a8f1e253cc98752e66c3-1536x1024.webp 1536w, https:\/\/zamawelding.sk\/wp-content\/uploads\/2025\/05\/fa55c29a69990b3704f5a8f1e253cc98752e66c3-2048x1365.webp 2048w\" sizes=\"(max-width: 800px) 100vw, 800px\" \/>\t\t\t\t\t\t\t\t\t\t\t\t\t\t\t<\/div>\n\t\t\t\t<\/div>\n\t\t\t\t<div class=\"elementor-element elementor-element-96b8526 elementor-widget elementor-widget-text-editor\" data-id=\"96b8526\" data-element_type=\"widget\" data-widget_type=\"text-editor.default\">\n\t\t\t\t<div class=\"elementor-widget-container\">\n\t\t\t\t\t\t\t\t\t<p>Unsere Zertifizierungen best\u00e4tigen, dass wir strenge Standards bei der Herstellung und Installation von Rohrleitungen und Anlagen in einer Vielzahl von Branchen erf\u00fcllen, einschlie\u00dflich Pharma-, Medizin- und Elektronikindustrie, Halbleitertechnik und Reingasanlagen.<\/p>\t\t\t\t\t\t\t\t<\/div>\n\t\t\t\t<\/div>\n\t\t\t\t<div class=\"elementor-element elementor-element-809bc0c elementor-widget elementor-widget-button\" data-id=\"809bc0c\" data-element_type=\"widget\" data-widget_type=\"button.default\">\n\t\t\t\t<div class=\"elementor-widget-container\">\n\t\t\t\t\t\t\t\t\t<div class=\"elementor-button-wrapper\">\n\t\t\t\t\t<a class=\"elementor-button elementor-button-link elementor-size-sm\" href=\"https:\/\/zamawelding.sk\/de\/kontakt\/\">\n\t\t\t\t\t\t<span class=\"elementor-button-content-wrapper\">\n\t\t\t\t\t\t\t\t\t<span class=\"elementor-button-text\">Kontaktieren Sie uns<\/span>\n\t\t\t\t\t<\/span>\n\t\t\t\t\t<\/a>\n\t\t\t\t<\/div>\n\t\t\t\t\t\t\t\t<\/div>\n\t\t\t\t<\/div>\n\t\t\t\t<\/div>\n\t\t<div class=\"elementor-element elementor-element-26594c6 e-con-full elementor-hidden-tablet elementor-hidden-mobile e-flex e-con e-child\" data-id=\"26594c6\" data-element_type=\"container\" data-settings=\"{&quot;background_background&quot;:&quot;classic&quot;}\">\n\t\t\t\t<\/div>\n\t\t\t\t\t<\/div>\n\t\t\t\t<\/div>\n\t\t<div class=\"elementor-element elementor-element-5d77944 e-flex e-con-boxed e-con e-parent\" data-id=\"5d77944\" data-element_type=\"container\">\n\t\t\t\t\t<div class=\"e-con-inner\">\n\t\t<div class=\"elementor-element elementor-element-c4abce8 e-con-full e-flex e-con e-child\" data-id=\"c4abce8\" data-element_type=\"container\">\n\t\t\t\t<div class=\"elementor-element elementor-element-afedcc6 elementor-widget elementor-widget-heading\" data-id=\"afedcc6\" data-element_type=\"widget\" data-widget_type=\"heading.default\">\n\t\t\t\t<div class=\"elementor-widget-container\">\n\t\t\t\t\t<h2 class=\"elementor-heading-title elementor-size-default\">Zertifikate<\/h2>\t\t\t\t<\/div>\n\t\t\t\t<\/div>\n\t\t\t\t<\/div>\n\t\t<div class=\"elementor-element elementor-element-f1dba0d e-con-full e-grid e-con e-child\" data-id=\"f1dba0d\" data-element_type=\"container\" data-no-translation=\"\">\n\t\t<div class=\"elementor-element elementor-element-90b86c9 e-con-full e-flex e-con e-child\" data-id=\"90b86c9\" data-element_type=\"container\">\n\t\t<div class=\"elementor-element elementor-element-c423eb4 e-con-full e-flex e-con e-child\" data-id=\"c423eb4\" data-element_type=\"container\" data-settings=\"{&quot;background_background&quot;:&quot;classic&quot;}\">\n\t\t\t\t<div class=\"elementor-element elementor-element-26b080e elementor-widget__width-inherit elementor-widget elementor-widget-image\" data-id=\"26b080e\" data-element_type=\"widget\" data-widget_type=\"image.default\">\n\t\t\t\t<div class=\"elementor-widget-container\">\n\t\t\t\t\t\t\t\t\t\t\t\t\t\t\t<img decoding=\"async\" src=\"https:\/\/zamawelding.sk\/wp-content\/uploads\/elementor\/thumbs\/ISO-9001-NJ-scaled-r6synfy9lw6z7x9o6srkgu5idswv2k756viucid380.jpg\" title=\"ISO 9001 NJ\" alt=\"ISO 9001 NJ\" loading=\"lazy\" \/>\t\t\t\t\t\t\t\t\t\t\t\t\t\t\t<\/div>\n\t\t\t\t<\/div>\n\t\t\t\t<\/div>\n\t\t\t\t<div class=\"elementor-element elementor-element-2ba50b9 elementor-widget elementor-widget-heading\" data-id=\"2ba50b9\" data-element_type=\"widget\" data-widget_type=\"heading.default\">\n\t\t\t\t<div class=\"elementor-widget-container\">\n\t\t\t\t\t<h3 class=\"elementor-heading-title elementor-size-default\">ISO 9001<\/h3>\t\t\t\t<\/div>\n\t\t\t\t<\/div>\n\t\t\t\t<div class=\"elementor-element elementor-element-936cad3 elementor-widget elementor-widget-heading\" data-id=\"936cad3\" data-element_type=\"widget\" data-widget_type=\"heading.default\">\n\t\t\t\t<div class=\"elementor-widget-container\">\n\t\t\t\t\t<h3 class=\"elementor-heading-title elementor-size-default\">Qualit\u00e4tsmanagementsystem<\/h3>\t\t\t\t<\/div>\n\t\t\t\t<\/div>\n\t\t\t\t<\/div>\n\t\t<div class=\"elementor-element elementor-element-1063655 e-con-full e-flex e-con e-child\" data-id=\"1063655\" data-element_type=\"container\">\n\t\t<div class=\"elementor-element elementor-element-6391936 e-con-full e-flex e-con e-child\" data-id=\"6391936\" data-element_type=\"container\" data-settings=\"{&quot;background_background&quot;:&quot;classic&quot;}\">\n\t\t\t\t<div class=\"elementor-element elementor-element-5635692 elementor-widget__width-inherit elementor-widget elementor-widget-image\" data-id=\"5635692\" data-element_type=\"widget\" data-widget_type=\"image.default\">\n\t\t\t\t<div class=\"elementor-widget-container\">\n\t\t\t\t\t\t\t\t\t\t\t\t\t\t\t<img decoding=\"async\" src=\"https:\/\/zamawelding.sk\/wp-content\/uploads\/elementor\/thumbs\/3834-NJ-scaled-r6synfy9lw6z7x9o6srkgu5idswv2k756viucid380.jpg\" title=\"3834 NJ\" alt=\"3834 NJ\" loading=\"lazy\" \/>\t\t\t\t\t\t\t\t\t\t\t\t\t\t\t<\/div>\n\t\t\t\t<\/div>\n\t\t\t\t<\/div>\n\t\t\t\t<div class=\"elementor-element elementor-element-51cd6ec elementor-widget elementor-widget-heading\" data-id=\"51cd6ec\" data-element_type=\"widget\" data-widget_type=\"heading.default\">\n\t\t\t\t<div class=\"elementor-widget-container\">\n\t\t\t\t\t<h3 class=\"elementor-heading-title elementor-size-default\">ISO 3834-3<\/h3>\t\t\t\t<\/div>\n\t\t\t\t<\/div>\n\t\t\t\t<div class=\"elementor-element elementor-element-7e1548f elementor-widget elementor-widget-heading\" data-id=\"7e1548f\" data-element_type=\"widget\" data-widget_type=\"heading.default\">\n\t\t\t\t<div class=\"elementor-widget-container\">\n\t\t\t\t\t<h3 class=\"elementor-heading-title elementor-size-default\">Qualit\u00e4tsmanagementsystem<\/h3>\t\t\t\t<\/div>\n\t\t\t\t<\/div>\n\t\t\t\t<\/div>\n\t\t<div class=\"elementor-element elementor-element-0de8a84 e-con-full e-flex e-con e-child\" data-id=\"0de8a84\" data-element_type=\"container\">\n\t\t<div class=\"elementor-element elementor-element-a991cbb e-con-full e-flex e-con e-child\" data-id=\"a991cbb\" data-element_type=\"container\" data-settings=\"{&quot;background_background&quot;:&quot;classic&quot;}\">\n\t\t\t\t<div class=\"elementor-element elementor-element-9da4ba7 elementor-widget__width-inherit elementor-widget elementor-widget-image\" data-id=\"9da4ba7\" data-element_type=\"widget\" data-widget_type=\"image.default\">\n\t\t\t\t<div class=\"elementor-widget-container\">\n\t\t\t\t\t\t\t\t\t\t\t\t\t\t\t<img decoding=\"async\" src=\"https:\/\/zamawelding.sk\/wp-content\/uploads\/elementor\/thumbs\/ISO-1090-NJ-scaled-r6synfy9lw6z7x9o6srkgu5idswv2k756viucid380.jpg\" title=\"ISO 1090 NJ\" alt=\"ISO 1090 NJ\" loading=\"lazy\" \/>\t\t\t\t\t\t\t\t\t\t\t\t\t\t\t<\/div>\n\t\t\t\t<\/div>\n\t\t\t\t<\/div>\n\t\t\t\t<div class=\"elementor-element elementor-element-8c28db7 elementor-widget elementor-widget-heading\" data-id=\"8c28db7\" data-element_type=\"widget\" data-widget_type=\"heading.default\">\n\t\t\t\t<div class=\"elementor-widget-container\">\n\t\t\t\t\t<h3 class=\"elementor-heading-title elementor-size-default\">ISO 1090-2<\/h3>\t\t\t\t<\/div>\n\t\t\t\t<\/div>\n\t\t\t\t<div class=\"elementor-element elementor-element-0dbbf03 elementor-widget elementor-widget-heading\" data-id=\"0dbbf03\" data-element_type=\"widget\" data-widget_type=\"heading.default\">\n\t\t\t\t<div class=\"elementor-widget-container\">\n\t\t\t\t\t<h3 class=\"elementor-heading-title elementor-size-default\">Qualit\u00e4tsmanagementsystem<\/h3>\t\t\t\t<\/div>\n\t\t\t\t<\/div>\n\t\t\t\t<\/div>\n\t\t<div class=\"elementor-element elementor-element-a3a5147 e-con-full e-flex e-con e-child\" data-id=\"a3a5147\" data-element_type=\"container\">\n\t\t<div class=\"elementor-element elementor-element-684dd34 e-con-full e-flex e-con e-child\" data-id=\"684dd34\" data-element_type=\"container\" data-settings=\"{&quot;background_background&quot;:&quot;classic&quot;}\">\n\t\t\t\t<div class=\"elementor-element elementor-element-6156295 elementor-widget__width-inherit elementor-widget elementor-widget-image\" data-id=\"6156295\" data-element_type=\"widget\" data-widget_type=\"image.default\">\n\t\t\t\t<div class=\"elementor-widget-container\">\n\t\t\t\t\t\t\t\t\t\t\t\t\t\t\t<img decoding=\"async\" src=\"https:\/\/zamawelding.sk\/wp-content\/uploads\/elementor\/thumbs\/0cd9ce060bd3111d6a4c2e165cbc9030a857f7f5-r6synfy9lw6z7x9o6srkgu5idswv2k756viucid380.png\" title=\"0cd9ce060bd3111d6a4c2e165cbc9030a857f7f5\" alt=\"0cd9ce060bd3111d6a4c2e165cbc9030a857f7f5\" loading=\"lazy\" \/>\t\t\t\t\t\t\t\t\t\t\t\t\t\t\t<\/div>\n\t\t\t\t<\/div>\n\t\t\t\t<\/div>\n\t\t\t\t<div class=\"elementor-element elementor-element-65a200d elementor-widget elementor-widget-heading\" data-id=\"65a200d\" data-element_type=\"widget\" data-widget_type=\"heading.default\">\n\t\t\t\t<div class=\"elementor-widget-container\">\n\t\t\t\t\t<h3 class=\"elementor-heading-title elementor-size-default\">SCC<\/h3>\t\t\t\t<\/div>\n\t\t\t\t<\/div>\n\t\t\t\t<div class=\"elementor-element elementor-element-f88465f elementor-widget elementor-widget-heading\" data-id=\"f88465f\" data-element_type=\"widget\" data-widget_type=\"heading.default\">\n\t\t\t\t<div class=\"elementor-widget-container\">\n\t\t\t\t\t<h3 class=\"elementor-heading-title elementor-size-default\">Safety Managment System<\/h3>\t\t\t\t<\/div>\n\t\t\t\t<\/div>\n\t\t\t\t<\/div>\n\t\t<div class=\"elementor-element elementor-element-09424c8 e-con-full e-flex e-con e-child\" data-id=\"09424c8\" data-element_type=\"container\">\n\t\t<div class=\"elementor-element elementor-element-ecb6f0a e-con-full e-flex e-con e-child\" data-id=\"ecb6f0a\" data-element_type=\"container\" data-settings=\"{&quot;background_background&quot;:&quot;classic&quot;}\">\n\t\t\t\t<div class=\"elementor-element elementor-element-936ef19 elementor-widget__width-inherit elementor-widget elementor-widget-image\" data-id=\"936ef19\" data-element_type=\"widget\" data-widget_type=\"image.default\">\n\t\t\t\t<div class=\"elementor-widget-container\">\n\t\t\t\t\t\t\t\t\t\t\t\t\t\t\t<img decoding=\"async\" src=\"https:\/\/zamawelding.sk\/wp-content\/uploads\/elementor\/thumbs\/376d3ec72f023716e0eb9daf09fdc34f1a85d7e4-r6synfy9lw6z7x9o6srkgu5idswv2k756viucid380.png\" title=\"376d3ec72f023716e0eb9daf09fdc34f1a85d7e4\" alt=\"376d3ec72f023716e0eb9daf09fdc34f1a85d7e4\" loading=\"lazy\" \/>\t\t\t\t\t\t\t\t\t\t\t\t\t\t\t<\/div>\n\t\t\t\t<\/div>\n\t\t\t\t<\/div>\n\t\t\t\t<div class=\"elementor-element elementor-element-1fe3f29 elementor-widget elementor-widget-heading\" data-id=\"1fe3f29\" data-element_type=\"widget\" data-widget_type=\"heading.default\">\n\t\t\t\t<div class=\"elementor-widget-container\">\n\t\t\t\t\t<h3 class=\"elementor-heading-title elementor-size-default\">Technische Druckger\u00e4te<\/h3>\t\t\t\t<\/div>\n\t\t\t\t<\/div>\n\t\t\t\t<div class=\"elementor-element elementor-element-4761499 elementor-widget elementor-widget-heading\" data-id=\"4761499\" data-element_type=\"widget\" data-widget_type=\"heading.default\">\n\t\t\t\t<div class=\"elementor-widget-container\">\n\t\t\t\t\t<h3 class=\"elementor-heading-title elementor-size-default\">Montage, Sanierung, Wartung<\/h3>\t\t\t\t<\/div>\n\t\t\t\t<\/div>\n\t\t\t\t<\/div>\n\t\t<div class=\"elementor-element elementor-element-388fdd5 e-con-full e-flex e-con e-child\" data-id=\"388fdd5\" data-element_type=\"container\">\n\t\t<div class=\"elementor-element elementor-element-9dcd18e e-con-full e-flex e-con e-child\" data-id=\"9dcd18e\" data-element_type=\"container\" data-settings=\"{&quot;background_background&quot;:&quot;classic&quot;}\">\n\t\t\t\t<div class=\"elementor-element elementor-element-80fb964 elementor-widget__width-inherit elementor-widget elementor-widget-image\" data-id=\"80fb964\" data-element_type=\"widget\" data-widget_type=\"image.default\">\n\t\t\t\t<div class=\"elementor-widget-container\">\n\t\t\t\t\t\t\t\t\t\t\t\t\t\t\t<img decoding=\"async\" src=\"https:\/\/zamawelding.sk\/wp-content\/uploads\/elementor\/thumbs\/41ee5e37a297c24343144a593a72ca77f55ad04a-r6synfy9lw6z7x9o6srkgu5idswv2k756viucid380.png\" title=\"41ee5e37a297c24343144a593a72ca77f55ad04a\" alt=\"41ee5e37a297c24343144a593a72ca77f55ad04a\" loading=\"lazy\" \/>\t\t\t\t\t\t\t\t\t\t\t\t\t\t\t<\/div>\n\t\t\t\t<\/div>\n\t\t\t\t<\/div>\n\t\t\t\t<div class=\"elementor-element elementor-element-ef28d1e elementor-widget elementor-widget-heading\" data-id=\"ef28d1e\" data-element_type=\"widget\" data-widget_type=\"heading.default\">\n\t\t\t\t<div class=\"elementor-widget-container\">\n\t\t\t\t\t<h3 class=\"elementor-heading-title elementor-size-default\">Technische Gasger\u00e4te<\/h3>\t\t\t\t<\/div>\n\t\t\t\t<\/div>\n\t\t\t\t<div class=\"elementor-element elementor-element-ad7ca58 elementor-widget elementor-widget-heading\" data-id=\"ad7ca58\" data-element_type=\"widget\" data-widget_type=\"heading.default\">\n\t\t\t\t<div class=\"elementor-widget-container\">\n\t\t\t\t\t<h3 class=\"elementor-heading-title elementor-size-default\">Montage, Sanierung, Wartung<\/h3>\t\t\t\t<\/div>\n\t\t\t\t<\/div>\n\t\t\t\t<\/div>\n\t\t<div class=\"elementor-element elementor-element-725680b e-con-full e-flex e-con e-child\" data-id=\"725680b\" data-element_type=\"container\">\n\t\t<div class=\"elementor-element elementor-element-cc192a8 e-con-full e-flex e-con e-child\" data-id=\"cc192a8\" data-element_type=\"container\" data-settings=\"{&quot;background_background&quot;:&quot;classic&quot;}\">\n\t\t\t\t<div class=\"elementor-element elementor-element-8c453cc elementor-widget__width-inherit elementor-widget elementor-widget-image\" data-id=\"8c453cc\" data-element_type=\"widget\" data-widget_type=\"image.default\">\n\t\t\t\t<div class=\"elementor-widget-container\">\n\t\t\t\t\t\t\t\t\t\t\t\t\t\t\t<img decoding=\"async\" src=\"https:\/\/zamawelding.sk\/wp-content\/uploads\/elementor\/thumbs\/Zertifikat_ISO_14001_DE-rkx57vibnm0dvzl1vorz1swy79hw895385nskl0974.webp\" title=\"Zertifikat_ISO_14001_DE\" alt=\"Zertifikat_ISO_14001_DE\" loading=\"lazy\" \/>\t\t\t\t\t\t\t\t\t\t\t\t\t\t\t<\/div>\n\t\t\t\t<\/div>\n\t\t\t\t<\/div>\n\t\t\t\t<div class=\"elementor-element elementor-element-0954396 elementor-widget elementor-widget-heading\" data-id=\"0954396\" data-element_type=\"widget\" data-widget_type=\"heading.default\">\n\t\t\t\t<div class=\"elementor-widget-container\">\n\t\t\t\t\t<h3 class=\"elementor-heading-title elementor-size-default\">ISO 14001:2015<\/h3>\t\t\t\t<\/div>\n\t\t\t\t<\/div>\n\t\t\t\t<div class=\"elementor-element elementor-element-0f6356b elementor-widget elementor-widget-heading\" data-id=\"0f6356b\" data-element_type=\"widget\" data-widget_type=\"heading.default\">\n\t\t\t\t<div class=\"elementor-widget-container\">\n\t\t\t\t\t<h3 class=\"elementor-heading-title elementor-size-default\">eines Umweltmanagementsystem<\/h3>\t\t\t\t<\/div>\n\t\t\t\t<\/div>\n\t\t\t\t<\/div>\n\t\t\t\t<\/div>\n\t\t\t\t\t<\/div>\n\t\t\t\t<\/div>\n\t\t<div class=\"elementor-element elementor-element-b7dea65 e-flex e-con-boxed e-con e-parent\" data-id=\"b7dea65\" data-element_type=\"container\">\n\t\t\t\t\t<div class=\"e-con-inner\">\n\t\t<div class=\"elementor-element elementor-element-0cc942c e-flex e-con-boxed e-con e-child\" data-id=\"0cc942c\" data-element_type=\"container\" data-settings=\"{&quot;background_background&quot;:&quot;classic&quot;}\">\n\t\t\t\t\t<div class=\"e-con-inner\">\n\t\t\t\t<div class=\"elementor-element elementor-element-8f40de6 elementor-widget elementor-widget-heading\" data-id=\"8f40de6\" data-element_type=\"widget\" data-widget_type=\"heading.default\">\n\t\t\t\t<div class=\"elementor-widget-container\">\n\t\t\t\t\t<h1 class=\"elementor-heading-title elementor-size-default\">Wir erf\u00fcllen selbst die anspruchsvollsten Anforderungen von Kunden aus verschiedenen Branchen<\/h1>\t\t\t\t<\/div>\n\t\t\t\t<\/div>\n\t\t\t\t<div class=\"elementor-element elementor-element-e92e4ad elementor-align-center elementor-widget elementor-widget-button\" data-id=\"e92e4ad\" data-element_type=\"widget\" data-widget_type=\"button.default\">\n\t\t\t\t<div class=\"elementor-widget-container\">\n\t\t\t\t\t\t\t\t\t<div class=\"elementor-button-wrapper\">\n\t\t\t\t\t<a class=\"elementor-button elementor-button-link elementor-size-sm\" href=\"https:\/\/zamawelding.sk\/de\/kontakt\/\">\n\t\t\t\t\t\t<span class=\"elementor-button-content-wrapper\">\n\t\t\t\t\t\t\t\t\t<span class=\"elementor-button-text\">Kontaktieren Sie uns<\/span>\n\t\t\t\t\t<\/span>\n\t\t\t\t\t<\/a>\n\t\t\t\t<\/div>\n\t\t\t\t\t\t\t\t<\/div>\n\t\t\t\t<\/div>\n\t\t\t\t\t<\/div>\n\t\t\t\t<\/div>\n\t\t\t\t\t<\/div>\n\t\t\t\t<\/div>\n\t\t\t\t<\/div>","protected":false},"excerpt":{"rendered":"<p>Certifik\u00e1ty D\u00f4raz na vysok\u00e9 \u0161tandardy kvality a bezpe\u010dnosti Na\u0161e certifik\u00e1ty potvrdzuj\u00fa, \u017ee sp\u013a\u0148ame pr\u00edsne normy vo v\u00fdrobe a mont\u00e1\u017ei potrubn\u00fdch rozvodov a\u00a0zariaden\u00ed v r\u00f4znych priemyseln\u00fdch odvetviach, vr\u00e1tane farmaceutick\u00e9ho, medic\u00ednskeho, elektronick\u00e9ho priemyslu, polovodi\u010dovej techniky a syst\u00e9mu \u010dist\u00fdch plynov. Kontaktuje n\u00e1s Certifik\u00e1ty ISO 9001 Syst\u00e9m mana\u017e\u00e9rstva kvality ISO 3834-3 Syst\u00e9m mana\u017e\u00e9rstva kvality ISO 1090-2 Syst\u00e9m mana\u017e\u00e9rstva kvality [&hellip;]<\/p>","protected":false},"author":1,"featured_media":0,"parent":0,"menu_order":0,"comment_status":"closed","ping_status":"closed","template":"","meta":{"_acf_changed":false,"footnotes":""},"class_list":["post-418","page","type-page","status-publish","hentry"],"acf":[],"_links":{"self":[{"href":"https:\/\/zamawelding.sk\/de\/wp-json\/wp\/v2\/pages\/418","targetHints":{"allow":["GET"]}}],"collection":[{"href":"https:\/\/zamawelding.sk\/de\/wp-json\/wp\/v2\/pages"}],"about":[{"href":"https:\/\/zamawelding.sk\/de\/wp-json\/wp\/v2\/types\/page"}],"author":[{"embeddable":true,"href":"https:\/\/zamawelding.sk\/de\/wp-json\/wp\/v2\/users\/1"}],"replies":[{"embeddable":true,"href":"https:\/\/zamawelding.sk\/de\/wp-json\/wp\/v2\/comments?post=418"}],"version-history":[{"count":67,"href":"https:\/\/zamawelding.sk\/de\/wp-json\/wp\/v2\/pages\/418\/revisions"}],"predecessor-version":[{"id":1854,"href":"https:\/\/zamawelding.sk\/de\/wp-json\/wp\/v2\/pages\/418\/revisions\/1854"}],"wp:attachment":[{"href":"https:\/\/zamawelding.sk\/de\/wp-json\/wp\/v2\/media?parent=418"}],"curies":[{"name":"wp","href":"https:\/\/api.w.org\/{rel}","templated":true}]}}