{"id":1535,"date":"2025-06-04T13:37:24","date_gmt":"2025-06-04T11:37:24","guid":{"rendered":"https:\/\/zamawelding.sk\/?page_id=1535"},"modified":"2025-06-04T13:55:18","modified_gmt":"2025-06-04T11:55:18","slug":"ochrana-osobnych-udajov","status":"publish","type":"page","link":"https:\/\/zamawelding.sk\/en\/ochrana-osobnych-udajov\/","title":{"rendered":"GDPR"},"content":{"rendered":"<div data-elementor-type=\"wp-page\" data-elementor-id=\"1535\" class=\"elementor elementor-1535\" data-elementor-post-type=\"page\">\n\t\t\t\t<div class=\"elementor-element elementor-element-bcebc34 e-flex e-con-boxed e-con e-parent\" data-id=\"bcebc34\" data-element_type=\"container\">\n\t\t\t\t\t<div class=\"e-con-inner\">\n\t\t\t\t<div class=\"elementor-element elementor-element-dd58dfb elementor-widget elementor-widget-heading\" data-id=\"dd58dfb\" data-element_type=\"widget\" data-widget_type=\"heading.default\">\n\t\t\t\t<div class=\"elementor-widget-container\">\n\t\t\t\t\t<h1 class=\"elementor-heading-title elementor-size-default\">Z\u00e1sady sprac\u00favania osobn\u00fdch \u00fadajov<\/h1>\t\t\t\t<\/div>\n\t\t\t\t<\/div>\n\t\t\t\t<div class=\"elementor-element elementor-element-696b1ad elementor-widget elementor-widget-text-editor\" data-id=\"696b1ad\" data-element_type=\"widget\" data-widget_type=\"text-editor.default\">\n\t\t\t\t<div class=\"elementor-widget-container\">\n\t\t\t\t\t\t\t\t\t<ol><li><b> Z\u00e1kladn\u00e9 inform\u00e1cie<\/b><\/li><\/ol><p><span style=\"font-weight: 400;\">Prev\u00e1dzkovate\u013eom webovej str\u00e1nky <\/span><a href=\"https:\/\/zamawelding.sk\/en\/\"><span style=\"font-weight: 400;\">www.zamawelding.sk<\/span><\/a><span style=\"font-weight: 400;\"> je spolo\u010dnos\u0165 <\/span><b>ZAMA Welding s.r.o.<\/b><span style=\"font-weight: 400;\"> I\u010cO: 51850125, zap\u00edsan\u00e1 v\u00a0Obchonom registri Okresn\u00e9ho s\u00fadu \u017dilina, odd. Sro, vl.\u010d. 70588\/L (\u010falej ako \u201eZAMA Welding\u201c), ktor\u00e1 sprac\u00fava osobn\u00e9 \u00fadaje v s\u00falade s <\/span><b>Nariaden\u00edm Eur\u00f3pskeho parlamentu a Rady (E\u00da) 2016\/679 (GDPR)<\/b><span style=\"font-weight: 400;\"> a z\u00e1konom \u010d. 18\/2018 Z. z. o ochrane osobn\u00fdch \u00fadajov.<\/span><\/p><p><span style=\"font-weight: 400;\">Re\u0161pektujeme Va\u0161e s\u00fakromie a chr\u00e1nime v\u0161etky osobn\u00e9 \u00fadaje, ktor\u00e9 n\u00e1m poskytnete prostredn\u00edctvom tejto webovej str\u00e1nky.<\/span><\/p><p><span style=\"font-weight: 400;\">V pr\u00edpade ot\u00e1zok n\u00e1s m\u00f4\u017eete kontaktova\u0165:<\/span><\/p><ul><li style=\"font-weight: 400;\" aria-level=\"1\"><span style=\"font-weight: 400;\">e-mailom: <\/span><b>info@zamawelding.sk<\/b><\/li><li style=\"font-weight: 400;\" aria-level=\"1\"><span style=\"font-weight: 400;\">po\u0161tou: <\/span><b><b><b><b>ZAMA Welding s.r.o., Valask\u00e1 Dubov\u00e1 46, 034 96 Valask\u00e1 Dubov\u00e1<\/b><\/b><\/b><\/b><p>\u00a0<\/p><\/li><\/ul><ol start=\"2\"><li><b>Dotknut\u00e1 osoba<\/b><\/li><\/ol><p><span style=\"font-weight: 400;\">Dotknutou osobou je ka\u017ed\u00e1 osoba, ktor\u00e1 poskytne svoje osobn\u00e9 \u00fadaje prostredn\u00edctvom webovej str\u00e1nky www.zamawelding.sk.<\/span><\/p><ol start=\"3\"><li><b> Pou\u017e\u00edvanie s\u00faborov cookies<\/b><\/li><\/ol><p><span style=\"font-weight: 400;\">Na na\u0161ich webov\u00fdch str\u00e1nkach pou\u017e\u00edvame:<\/span><\/p><p><span style=\"font-weight: 400;\">\u2013 <\/span><b>do\u010dasn\u00e9 s\u00fabory cookies<\/b><span style=\"font-weight: 400;\"> (session) &#8211; ktor\u00e9 sa pri vypnut\u00ed internetov\u00e9ho prehliada\u010da u\u017e\u00edvate\u013ea automaticky vyma\u017e\u00fa,<\/span><\/p><p><span style=\"font-weight: 400;\">&#8211; <\/span><b>dlhodob\u00e9 s\u00fabory cookies<\/b><span style=\"font-weight: 400;\">, ktor\u00e9 v internetovom prehliada\u010di u\u017e\u00edvate\u013ea zost\u00e1vaj\u00fa zachovan\u00e9 aj po vypnut\u00ed zariadenia, pomocou ktor\u00e9ho u\u017e\u00edvate\u013e pristupuje k webstr\u00e1nkam zamawelding.sk, (tieto cookies m\u00f4\u017ee u\u017e\u00edvate\u013e kedyko\u013evek vymaza\u0165 alebo sa\u00a0po nieko\u013ek\u00fdch t\u00fd\u017ed\u0148och pr\u00edpadne mesiacoch vyma\u017e\u00fa automaticky).<\/span><\/p><p><span style=\"font-weight: 400;\"><br \/><\/span><span style=\"font-weight: 400;\">U\u017e\u00edvate\u013e ude\u013euje s\u00fahlas s pou\u017e\u00edvan\u00edm cookies nastaven\u00edm svojho prehliada\u010da. Tento s\u00fahlas zah\u0155\u0148a aj pou\u017e\u00edvanie cookies pre <\/span><b>\u0161tatistick\u00e9 \u00fa\u010dely<\/b><span style=\"font-weight: 400;\"> a <\/span><b>cielenie reklamy<\/b><span style=\"font-weight: 400;\"> v spolupr\u00e1ci s partnermi.<\/span><\/p><p><span style=\"font-weight: 400;\">Prev\u00e1dzkovate\u013e nezodpoved\u00e1 za s\u00fabory cookies tret\u00edch str\u00e1n. Odmietnut\u00edm cookies m\u00f4\u017ee d\u00f4js\u0165 k obmedzeniu funk\u010dnosti webovej str\u00e1nky.<\/span><\/p><ol start=\"4\"><li><b> \u010co s\u00fa s\u00fabory cookies?\u00a0<\/b><\/li><\/ol><p><span style=\"font-weight: 400;\">Cookies s\u00fa mal\u00e9 textov\u00e9 s\u00fabory, ktor\u00e9 si webov\u00e1 str\u00e1nka uklad\u00e1 do zariadenia pou\u017e\u00edvate\u013ea. Sl\u00fa\u017eia na zapam\u00e4tanie preferenci\u00ed pou\u017e\u00edvate\u013ea, ako jazyk, nastavenia a podobne, \u010do zjednodu\u0161uje a zefekt\u00edv\u0148uje opakovan\u00e9 n\u00e1v\u0161tevy str\u00e1nky.<\/span><\/p><ol start=\"5\"><li><b> Ak\u00e9 cookies spracov\u00e1vame?\u00a0<\/b><\/li><\/ol><p><span style=\"font-weight: 400;\">N\u00e1v\u0161tevn\u00edk webov\u00fdch str\u00e1nok, ktor\u00fd m\u00e1 vo svojom webovom prehliada\u010di povolen\u00e9 prij\u00edmanie s\u00faborov cookies, t\u00fdm akceptuje sp\u00f4sob nakladania s cookies na konkr\u00e9tnej webovej str\u00e1nke. S\u00fabory cookies nem\u00f4\u017eu presk\u00famava\u0165 V\u00e1\u0161 po\u010d\u00edta\u010d alebo in\u00e9 zariadenia, pr\u00edpadne \u010d\u00edta\u0165 v nich ulo\u017een\u00e9 d\u00e1ta. Do\u010dasn\u00e9 cookies (tzv. session cookies) sa aktivuj\u00fa v\u017edy pri n\u00e1v\u0161teve webovej str\u00e1nky a po ukon\u010den\u00ed jej prehliadania sa automaticky zma\u017e\u00fa. Trval\u00e9 cookies (tzv. long term cookies) zost\u00e1vaj\u00fa ulo\u017een\u00e9 v po\u010d\u00edta\u010di alebo v inom zariaden\u00ed aj po skon\u010den\u00ed prehliadania webovej str\u00e1nky.<\/span><\/p><p><b>Ak\u00e9 osobn\u00e9 \u00fadaje spracuv\u00e1vame:<\/b><\/p><p><b>(a) Osobn\u00e9 \u00fadaje z kontaktn\u00e9ho formul\u00e1ra<\/b><\/p><p><span style=\"font-weight: 400;\">Prostredn\u00edctvom kontaktn\u00e9ho formul\u00e1ra n\u00e1m m\u00f4\u017eete zasla\u0165 ot\u00e1zku, po\u017eiadavku alebo in\u00fd odkaz. Sprac\u00favame tieto \u00fadaje: meno, e-mailov\u00e1 adresa a obsah spr\u00e1vy.<\/span><\/p><ul><li style=\"font-weight: 400;\" aria-level=\"1\"><b>\u00da\u010del sprac\u00favania<\/b><span style=\"font-weight: 400;\">: odpove\u010f na va\u0161u po\u017eiadavku a n\u00e1sledn\u00e1 komunik\u00e1cia.<\/span><\/li><li style=\"font-weight: 400;\" aria-level=\"1\"><b>Pr\u00e1vny z\u00e1klad<\/b><span style=\"font-weight: 400;\">: \u010dl\u00e1nok 6 ods. 1 p\u00edsm. f) GDPR \u2013 opr\u00e1vnen\u00fd z\u00e1ujem prev\u00e1dzkovate\u013ea na vybaven\u00ed va\u0161ej po\u017eiadavky.<\/span><\/li><li style=\"font-weight: 400;\" aria-level=\"1\"><b>Doba uchov\u00e1vania<\/b><span style=\"font-weight: 400;\">: po dobu vybavovania po\u017eiadavky a n\u00e1sledne maxim\u00e1lne 6 mesiacov pre \u00fa\u010dely internej evidencie a ochrany pr\u00e1v.<\/span><\/li><li style=\"font-weight: 400;\" aria-level=\"1\"><b>Dobrovo\u013enos\u0165<\/b><span style=\"font-weight: 400;\">: Poskytnutie \u00fadajov je dobrovo\u013en\u00e9, no bez ich poskytnutia nem\u00f4\u017eeme odpoveda\u0165 na va\u0161u spr\u00e1vu.<\/span><\/li><\/ul><p><span style=\"font-weight: 400;\">Odber informa\u010dn\u00fdch spr\u00e1v oh\u013eadom servisu (napr. potvrdenie o odoslan\u00ed formul\u00e1ra) alebo obslu\u017en\u00e9 emaily v objednan\u00fdch platen\u00fdch slu\u017eb\u00e1ch (napr. zmluvn\u00e9 podklady, potvrdenie objedn\u00e1vky) nie je mo\u017en\u00e9 zru\u0161i\u0165, preto\u017ee s\u00fa s\u00fa\u010das\u0165ou poskytovan\u00fdch slu\u017eieb.<\/span><\/p><p><b>(b) Osobn\u00e9 \u00fadaje z formul\u00e1ra pre uch\u00e1dza\u010dov o zamestnanie<\/b><\/p><p><span style=\"font-weight: 400;\">Prostredn\u00edctvom formul\u00e1ra ur\u010den\u00e9ho pre uch\u00e1dza\u010dov o zamestnanie m\u00f4\u017eete spolo\u010dnosti ZAMA Welding s.r.o. poskytn\u00fa\u0165 svoje osobn\u00e9 \u00fadaje vr\u00e1tane \u017eivotopisu (meno, priezvisko, kontaktn\u00e9 \u00fadaje, \u00fadaje o vzdelan\u00ed, pracovn\u00fdch sk\u00fasenostiach a in\u00e9 \u00fadaje uveden\u00e9 v \u017eivotopise).<\/span><\/p><ul><li style=\"font-weight: 400;\" aria-level=\"1\"><b>\u00da\u010del sprac\u00favania<\/b><span style=\"font-weight: 400;\">: zaradenie do v\u00fdberov\u00e9ho konania na pracovn\u00fa poz\u00edciu a pr\u00edpadn\u00e1 ponuka zamestnania.<\/span><\/li><li style=\"font-weight: 400;\" aria-level=\"1\"><b>Pr\u00e1vny z\u00e1klad<\/b><span style=\"font-weight: 400;\">: \u010dl\u00e1nok 6 ods. 1 p\u00edsm. b) GDPR \u2013 vykonanie opatren\u00ed pred uzavret\u00edm zmluvy (pracovn\u00e1 zmluva).<\/span><\/li><li style=\"font-weight: 400;\" aria-level=\"1\"><b>Doba uchov\u00e1vania<\/b><span style=\"font-weight: 400;\">: po dobu trvania v\u00fdberov\u00e9ho konania, maxim\u00e1lne v\u0161ak 6 mesiacov od prijatia \u00fadajov. V pr\u00edpade udelenia s\u00fahlasu na evidenciu do bud\u00facna \u2013 maxim\u00e1lne 12 mesiacov.<\/span><\/li><li style=\"font-weight: 400;\" aria-level=\"1\"><b>Dobrovo\u013enos\u0165<\/b><span style=\"font-weight: 400;\"><span style=\"font-weight: 400;\">: Poskytnutie \u00fadajov je dobrovo\u013en\u00e9, ich neposkytnutie v\u0161ak znemo\u017en\u00ed zaradenie do v\u00fdberov\u00e9ho procesu.<\/span><\/span><p>\u00a0<\/p><\/li><\/ul><p><b>(c) \u0160tatistick\u00e9 \u00fadaje n\u00e1v\u0161tevnosti webstr\u00e1nok<\/b><\/p><p><span style=\"font-weight: 400;\">Na\u0161e webov\u00e9 str\u00e1nky vyu\u017e\u00edvaj\u00fa s\u00fabory cookies. \u00dadaje, ktor\u00e9 zbierame prostredn\u00edctvom cookies s\u00fa anonymn\u00e9 a nie je mo\u017en\u00e9 ich priradi\u0165 konkr\u00e9tnej osobe.<\/span><\/p><ol start=\"6\"><li><b>SP\u00d4SOB SPRACOVANIA OSOBN\u00ddCH \u00daDAJOV<\/b><\/li><\/ol><p><span style=\"font-weight: 400;\">S Va\u0161imi osobn\u00fdmi \u00fadajmi, budeme zaobch\u00e1dza\u0165 zodpovedne a v s\u00falade s platnou eur\u00f3pskou legislat\u00edvou. Na spracovanie osobn\u00fdch \u00fadajov pou\u017e\u00edvame manu\u00e1lne spracovanie a automatizovan\u00e9 prostriedky. V\u0161etky \u00fadaje s\u00fa ulo\u017een\u00e9 na zabezpe\u010den\u00fdch serveroch umiestnen\u00fdch v Eur\u00f3pskej \u00fanii. \u00dadaje nie s\u00fa zverej\u0148ovan\u00e9, pren\u00e1\u0161an\u00e9, spracov\u00e1van\u00e9 mimo kraj\u00edn E\u00da a nie s\u00fa spr\u00edstupnen\u00e9 ani poskytovan\u00e9 tret\u00edm stran\u00e1m, okrem subjektov a sprostredkovate\u013eov uveden\u00fdch v 7. bode t\u00fdchto pravidiel.<\/span><\/p><p><span style=\"font-weight: 400;\">V\u0161etky \u00fadaje, ktor\u00e9 zad\u00e1vate do online formul\u00e1rov s\u00fa zak\u00f3dovan\u00e9 certifik\u00e1tmi SSL (Secure Socket Layer). Spracovanie d\u00e1t prebieha najm\u00e4 prostredn\u00edctvom v\u00fdpo\u010dtovej techniky, \u010do n\u00e1m zaisti\u0165uje nevyhnutn\u00fa bezpe\u010dnos\u0165, zn\u00ed\u017ei\u0165 rizik\u00e1 neopr\u00e1vnenej manipul\u00e1cie, pr\u00edpadne zabr\u00e1ni\u0165 ich zni\u010deniu, \u010di strate. Osobn\u00e9 d\u00e1ta s\u00fa chr\u00e1nen\u00e9 v maxim\u00e1lnej mo\u017enej miere prostredn\u00edctvom modern\u00fdch technol\u00f3gi\u00ed, ktor\u00e9 zodpovedaj\u00fa stup\u0148u technologick\u00e9ho rozvoja, a miere rizika zneu\u017eitia.<\/span><\/p><p><span style=\"font-weight: 400;\">Pr\u00edstup k osobn\u00fdm \u00fadajom je v\u00fdlu\u010dne iba nieko\u013ek\u00fdm opr\u00e1vnen\u00fdm a pou\u010den\u00fdm sprostredkovate\u013eom a zamestnancom. Zav\u00e4zujeme sa, \u017ee budeme udr\u017eiava\u0165 technick\u00e9 a organiza\u010dn\u00e9 opatrenia, ktor\u00e9 zabra\u0148uj\u00fa zneu\u017eitiu, po\u0161kodeniu, straty alebo zni\u010deniu osobn\u00fdch \u00fadajov. Uis\u0165ujeme v\u00e1s, \u017ee na\u0161i pracovn\u00edci, s\u00fa povinn\u00ed zachova\u0165 ml\u010danlivos\u0165 o osobn\u00fdch \u00fadajoch a o bezpe\u010dnostn\u00fdch opatreniach, ktor\u00fdch zverejnenie by mohlo ohrozi\u0165 bezpe\u010dnos\u0165 Va\u0161ich osobn\u00fdch \u00fadajov.<\/span><\/p><p><span style=\"font-weight: 400;\">V pr\u00edpade V\u00e1\u0161ho z\u00e1ujmu o osobn\u00e9 stretnutie s na\u0161\u00edm odborn\u00fdm konzultantom, ktor\u00fd je na\u0161\u00edm opr\u00e1vnen\u00fdm zmluvn\u00fdm sprostredkovate\u013eom, poskytneme mu Va\u0161e osobn\u00e9 \u00fadaje pre poskytnutie \u017eiadanej slu\u017eby. Ten spracuje Va\u0161e osobn\u00e9 \u00fadaje iba za \u00fa\u010delom poskytnutia slu\u017eby, alebo inform\u00e1cie, ktor\u00e9 ste \u017eiadali a len po dobu nevyhnutn\u00fa pre jej poskytnutie. Sprostredkovate\u013e sprac\u00fava osobn\u00e9 \u00fadaje iba v tomto rozsahu a v s\u00falade s platnou legislat\u00edvou. Va\u0161e osobn\u00e9 \u00fadaje z\u00e1rove\u0148 chr\u00e1nime aj podp\u00edsan\u00edm zmluvy so z\u00e1v\u00e4zkom ml\u010danlivosti po dobu platnosti, ako aj po jej skon\u010den\u00ed.<\/span><\/p><ol start=\"7\"><li><b>Zverej\u0148ovanie \u00fadajov tret\u00edm stran\u00e1m<\/b><\/li><\/ol><p><span style=\"font-weight: 400;\">Nami spracovan\u00e9 Va\u0161e osobn\u00e9 \u00fadaje m\u00f4\u017eu by\u0165 spracovan\u00e9 aj tret\u00edmi stranami, za predpokladu, \u017ee je to nevyhnutn\u00e9 na plnenie n\u00e1\u0161ho z\u00e1v\u00e4zku vo\u010di V\u00e1m, na\u0161im klientom alebo na poskytovanie na\u0161ich slu\u017eieb. Pri v\u00fdbere t\u00fdchto partnerov v\u017edy db\u00e1me na to, aby bol zaru\u010den\u00fd vysok\u00fd \u0161tandard ochrany Va\u0161ich osobn\u00fdch \u00fadajov.<\/span><\/p><p><span style=\"font-weight: 400;\">Osobn\u00e9 \u00fadaje dotknutej osoby m\u00f4\u017eu by\u0165 spracovan\u00e9 v krajin\u00e1ch Eur\u00f3pskej \u00fanie a krajin\u00e1ch, ktor\u00e9 s\u00fa zmluvnou stranou Dohody o Eur\u00f3pskom hospod\u00e1rskom priestore. Prenos osobn\u00fdch \u00fadajov m\u00f4\u017ee nasta\u0165 len do tret\u00edch kraj\u00edn, ktor\u00fdch pr\u00e1vny re\u017eim pova\u017euje Eur\u00f3pska komisia za zabezpe\u010duj\u00faci adekv\u00e1tnu \u00farove\u0148 ochrany osobn\u00fdch \u00fadajov.<\/span><\/p><p><span style=\"font-weight: 400;\">Sprostredkovatelia aj subsprostredkovate\u013e s\u00fa viazan\u00ed spracov\u00e1va\u0165 Va\u0161e osobn\u00e9 \u00fadaje v\u00fdlu\u010dne na \u00fa\u010dely, ako s\u00fa pop\u00edsan\u00e9 v t\u00fdchto pravidl\u00e1ch. Va\u0161e d\u00e1ta nie s\u00fa spr\u00edstupnen\u00e9 tret\u00edm stran\u00e1m na \u00fa\u010dely ich nez\u00e1visl\u00e9ho vyu\u017eitia alebo spracovania nad r\u00e1mec \u00fa\u010delov pod\u013ea t\u00fdchto pravidiel.<\/span><\/p><p><span style=\"font-weight: 400;\">Tieto pravidl\u00e1 spracovania osobn\u00fdch \u00fadajov m\u00f4\u017eu by\u0165 jednostranne kedyko\u013evek doplnen\u00e9 alebo zmenen\u00e9.<\/span><\/p><ol start=\"8\"><li><b> Zmeny a platnos\u0165<\/b><\/li><\/ol><p><span style=\"font-weight: 400;\">Tieto pravidl\u00e1 m\u00f4\u017eu by\u0165 jednostranne aktualizovan\u00e9. Odpor\u00fa\u010dame ich pravidelne kontrolova\u0165. Zmeny nadob\u00fadaj\u00fa \u00fa\u010dinnos\u0165 zverejnen\u00edm na tejto str\u00e1nke.<\/span><\/p>\t\t\t\t\t\t\t\t<\/div>\n\t\t\t\t<\/div>\n\t\t\t\t\t<\/div>\n\t\t\t\t<\/div>\n\t\t\t\t<\/div>","protected":false},"excerpt":{"rendered":"<p>Z\u00e1sady sprac\u00favania osobn\u00fdch \u00fadajov Z\u00e1kladn\u00e9 inform\u00e1cie Prev\u00e1dzkovate\u013eom webovej str\u00e1nky www.zamawelding.sk je spolo\u010dnos\u0165 ZAMA Welding s.r.o. I\u010cO: 51850125, zap\u00edsan\u00e1 v\u00a0Obchonom registri Okresn\u00e9ho s\u00fadu \u017dilina, odd. Sro, vl.\u010d. 70588\/L (\u010falej ako \u201eZAMA Welding\u201c), ktor\u00e1 sprac\u00fava osobn\u00e9 \u00fadaje v s\u00falade s Nariaden\u00edm Eur\u00f3pskeho parlamentu a Rady (E\u00da) 2016\/679 (GDPR) a z\u00e1konom \u010d. 18\/2018 Z. z. o ochrane osobn\u00fdch [&hellip;]<\/p>","protected":false},"author":1,"featured_media":0,"parent":0,"menu_order":0,"comment_status":"closed","ping_status":"closed","template":"","meta":{"_acf_changed":false,"footnotes":""},"class_list":["post-1535","page","type-page","status-publish","hentry"],"acf":[],"_links":{"self":[{"href":"https:\/\/zamawelding.sk\/en\/wp-json\/wp\/v2\/pages\/1535","targetHints":{"allow":["GET"]}}],"collection":[{"href":"https:\/\/zamawelding.sk\/en\/wp-json\/wp\/v2\/pages"}],"about":[{"href":"https:\/\/zamawelding.sk\/en\/wp-json\/wp\/v2\/types\/page"}],"author":[{"embeddable":true,"href":"https:\/\/zamawelding.sk\/en\/wp-json\/wp\/v2\/users\/1"}],"replies":[{"embeddable":true,"href":"https:\/\/zamawelding.sk\/en\/wp-json\/wp\/v2\/comments?post=1535"}],"version-history":[{"count":46,"href":"https:\/\/zamawelding.sk\/en\/wp-json\/wp\/v2\/pages\/1535\/revisions"}],"predecessor-version":[{"id":1582,"href":"https:\/\/zamawelding.sk\/en\/wp-json\/wp\/v2\/pages\/1535\/revisions\/1582"}],"wp:attachment":[{"href":"https:\/\/zamawelding.sk\/en\/wp-json\/wp\/v2\/media?parent=1535"}],"curies":[{"name":"wp","href":"https:\/\/api.w.org\/{rel}","templated":true}]}}