{"id":344,"date":"2025-05-06T19:13:50","date_gmt":"2025-05-06T17:13:50","guid":{"rendered":"https:\/\/zamawelding.sk\/?page_id=344"},"modified":"2025-11-12T09:54:00","modified_gmt":"2025-11-12T08:54:00","slug":"sluzby","status":"publish","type":"page","link":"https:\/\/zamawelding.sk\/en\/services\/","title":{"rendered":"Services"},"content":{"rendered":"<div data-elementor-type=\"wp-page\" data-elementor-id=\"344\" class=\"elementor elementor-344\" data-elementor-post-type=\"page\">\n\t\t\t\t<div class=\"elementor-element elementor-element-222602b e-flex e-con-boxed e-con e-parent\" data-id=\"222602b\" data-element_type=\"container\">\n\t\t\t\t\t<div class=\"e-con-inner\">\n\t\t<div class=\"elementor-element elementor-element-24dbb6c e-con-full e-flex e-con e-child\" data-id=\"24dbb6c\" data-element_type=\"container\">\n\t\t<div class=\"elementor-element elementor-element-15d794b e-con-full e-flex e-con e-child\" data-id=\"15d794b\" data-element_type=\"container\">\n\t\t\t\t<div class=\"elementor-element elementor-element-82cc55f elementor-widget__width-initial elementor-view-default elementor-widget elementor-widget-icon\" data-id=\"82cc55f\" data-element_type=\"widget\" data-widget_type=\"icon.default\">\n\t\t\t\t<div class=\"elementor-widget-container\">\n\t\t\t\t\t\t\t<div class=\"elementor-icon-wrapper\">\n\t\t\t<div class=\"elementor-icon\">\n\t\t\t<svg xmlns=\"http:\/\/www.w3.org\/2000\/svg\" width=\"8\" height=\"18\" viewbox=\"0 0 8 18\" fill=\"none\"><path d=\"M3.99296 7.99986C6.20607 7.99986 8.0009 6.20928 8.0009 3.99938C8.0009 1.79053 6.20607 0 3.99296 0C1.78732 0 0 1.79053 0 3.99938C0 6.21035 1.78732 7.99986 3.99296 7.99986Z\" fill=\"#0F2E61\"><\/path><path d=\"M3.99251 18C6.20537 18 8 16.211 8 14.0043C8 11.7891 6.20537 10 3.99251 10C1.78712 10 0 11.7891 0 14.0043C0 16.211 1.78712 18 3.99251 18Z\" fill=\"#0F2E61\"><\/path><\/svg>\t\t\t<\/div>\n\t\t<\/div>\n\t\t\t\t\t\t<\/div>\n\t\t\t\t<\/div>\n\t\t\t\t<div class=\"elementor-element elementor-element-40b043a elementor-widget elementor-widget-heading\" data-id=\"40b043a\" data-element_type=\"widget\" data-widget_type=\"heading.default\">\n\t\t\t\t<div class=\"elementor-widget-container\">\n\t\t\t\t\t<h3 class=\"elementor-heading-title elementor-size-default\">Services<\/h3>\t\t\t\t<\/div>\n\t\t\t\t<\/div>\n\t\t\t\t<\/div>\n\t\t\t\t<div class=\"elementor-element elementor-element-fa972e1 elementor-widget elementor-widget-heading\" data-id=\"fa972e1\" data-element_type=\"widget\" data-widget_type=\"heading.default\">\n\t\t\t\t<div class=\"elementor-widget-container\">\n\t\t\t\t\t<h1 class=\"elementor-heading-title elementor-size-default\">Comprehensive and Customized Industrial Solutions<\/h1>\t\t\t\t<\/div>\n\t\t\t\t<\/div>\n\t\t\t\t<div class=\"elementor-element elementor-element-5cbff80 elementor-hidden-desktop elementor-widget elementor-widget-image\" data-id=\"5cbff80\" data-element_type=\"widget\" data-widget_type=\"image.default\">\n\t\t\t\t<div class=\"elementor-widget-container\">\n\t\t\t\t\t\t\t\t\t\t\t\t\t\t\t<img fetchpriority=\"high\" decoding=\"async\" width=\"800\" height=\"534\" src=\"https:\/\/zamawelding.sk\/wp-content\/uploads\/2025\/05\/bdc89f74bdc59469a6cb96a0ff91c199104073fa-1024x683.webp\" class=\"attachment-large size-large wp-image-1165\" alt=\"\" srcset=\"https:\/\/zamawelding.sk\/wp-content\/uploads\/2025\/05\/bdc89f74bdc59469a6cb96a0ff91c199104073fa-1024x683.webp 1024w, https:\/\/zamawelding.sk\/wp-content\/uploads\/2025\/05\/bdc89f74bdc59469a6cb96a0ff91c199104073fa-300x200.webp 300w, https:\/\/zamawelding.sk\/wp-content\/uploads\/2025\/05\/bdc89f74bdc59469a6cb96a0ff91c199104073fa-768x512.webp 768w, https:\/\/zamawelding.sk\/wp-content\/uploads\/2025\/05\/bdc89f74bdc59469a6cb96a0ff91c199104073fa-18x12.webp 18w, https:\/\/zamawelding.sk\/wp-content\/uploads\/2025\/05\/bdc89f74bdc59469a6cb96a0ff91c199104073fa.webp 1500w\" sizes=\"(max-width: 800px) 100vw, 800px\" \/>\t\t\t\t\t\t\t\t\t\t\t\t\t\t\t<\/div>\n\t\t\t\t<\/div>\n\t\t\t\t<div class=\"elementor-element elementor-element-bba4a78 elementor-widget elementor-widget-text-editor\" data-id=\"bba4a78\" data-element_type=\"widget\" data-widget_type=\"text-editor.default\">\n\t\t\t\t<div class=\"elementor-widget-container\">\n\t\t\t\t\t\t\t\t\t<p>ZAMA Welding offers comprehensive, high-quality services, specializing in precise TIG\/WIG 141\/142\nand orbital welding. To ensure top-tier results from orbital welding, we utilize Orbitalum and Orbitec\nequipment for unmatched precision.<\/p>\t\t\t\t\t\t\t\t<\/div>\n\t\t\t\t<\/div>\n\t\t\t\t<div class=\"elementor-element elementor-element-c3e0cf0 elementor-widget elementor-widget-button\" data-id=\"c3e0cf0\" data-element_type=\"widget\" data-widget_type=\"button.default\">\n\t\t\t\t<div class=\"elementor-widget-container\">\n\t\t\t\t\t\t\t\t\t<div class=\"elementor-button-wrapper\">\n\t\t\t\t\t<a class=\"elementor-button elementor-button-link elementor-size-sm\" href=\"https:\/\/zamawelding.sk\/en\/contact\/\">\n\t\t\t\t\t\t<span class=\"elementor-button-content-wrapper\">\n\t\t\t\t\t\t\t\t\t<span class=\"elementor-button-text\">Contact Us<\/span>\n\t\t\t\t\t<\/span>\n\t\t\t\t\t<\/a>\n\t\t\t\t<\/div>\n\t\t\t\t\t\t\t\t<\/div>\n\t\t\t\t<\/div>\n\t\t\t\t<\/div>\n\t\t<div class=\"elementor-element elementor-element-07e6ad3 e-con-full elementor-hidden-tablet elementor-hidden-mobile e-flex e-con e-child\" data-id=\"07e6ad3\" data-element_type=\"container\" data-settings=\"{&quot;background_background&quot;:&quot;classic&quot;}\">\n\t\t\t\t<\/div>\n\t\t\t\t\t<\/div>\n\t\t\t\t<\/div>\n\t\t<div class=\"elementor-element elementor-element-f9f3abd e-flex e-con-boxed e-con e-parent\" data-id=\"f9f3abd\" data-element_type=\"container\">\n\t\t\t\t\t<div class=\"e-con-inner\">\n\t\t<a class=\"elementor-element elementor-element-8ce19b5 e-con-full e-flex e-con e-child\" data-id=\"8ce19b5\" data-element_type=\"container\" href=\"https:\/\/zamawelding.sk\/en\/dielenska-predvyroba\/\">\n\t\t<div class=\"elementor-element elementor-element-16d622c e-con-full e-flex e-con e-child\" data-id=\"16d622c\" data-element_type=\"container\">\n\t\t\t\t<div class=\"elementor-element elementor-element-ea119a9 elementor-widget-tablet__width-inherit elementor-widget elementor-widget-heading\" data-id=\"ea119a9\" data-element_type=\"widget\" data-widget_type=\"heading.default\">\n\t\t\t\t<div class=\"elementor-widget-container\">\n\t\t\t\t\t<h2 class=\"elementor-heading-title elementor-size-default\">Workshop prefabrication<\/h2>\t\t\t\t<\/div>\n\t\t\t\t<\/div>\n\t\t<div class=\"elementor-element elementor-element-59f05ae e-con-full e-flex e-con e-child\" data-id=\"59f05ae\" data-element_type=\"container\">\n\t\t\t\t<div class=\"elementor-element elementor-element-41f27fe elementor-widget elementor-widget-text-editor\" data-id=\"41f27fe\" data-element_type=\"widget\" data-widget_type=\"text-editor.default\">\n\t\t\t\t<div class=\"elementor-widget-container\">\n\t\t\t\t\t\t\t\t\t<ul><li class=\"translation-block\"><strong> Precise \u201cSkidbau\u201d workshop prefabrication<\/strong>  for modular assembly<\/li><li><p class=\"translation-block\"><strong>Prefabricating piping components<\/strong> for comprehensive spooling projects<\/p><\/li><li><p class=\"translation-block\"><strong>Meeting the most demanding customer requirements<\/strong> in prefabrication<\/p><\/li><\/ul>\t\t\t\t\t\t\t\t<\/div>\n\t\t\t\t<\/div>\n\t\t\t\t<\/div>\n\t\t\t\t<\/div>\n\t\t<div class=\"elementor-element elementor-element-523abbb e-con-full e-flex e-con e-child\" data-id=\"523abbb\" data-element_type=\"container\" data-settings=\"{&quot;background_background&quot;:&quot;classic&quot;}\">\n\t\t\t\t<\/div>\n\t\t\t\t<\/a>\n\t\t\t\t\t<\/div>\n\t\t\t\t<\/div>\n\t\t<div class=\"elementor-element elementor-element-64eff56 e-flex e-con-boxed e-con e-parent\" data-id=\"64eff56\" data-element_type=\"container\">\n\t\t\t\t\t<div class=\"e-con-inner\">\n\t\t<div class=\"elementor-element elementor-element-aeafa07 e-con-full e-flex e-con e-child\" data-id=\"aeafa07\" data-element_type=\"container\">\n\t\t<div class=\"elementor-element elementor-element-b627fef e-con-full e-flex e-con e-child\" data-id=\"b627fef\" data-element_type=\"container\">\n\t\t\t\t<div class=\"elementor-element elementor-element-96f05d1 elementor-widget-tablet__width-inherit elementor-widget elementor-widget-heading\" data-id=\"96f05d1\" data-element_type=\"widget\" data-widget_type=\"heading.default\">\n\t\t\t\t<div class=\"elementor-widget-container\">\n\t\t\t\t\t<h2 class=\"elementor-heading-title elementor-size-default\">Comprehensive Project Execution<\/h2>\t\t\t\t<\/div>\n\t\t\t\t<\/div>\n\t\t<div class=\"elementor-element elementor-element-e783538 e-con-full e-flex e-con e-child\" data-id=\"e783538\" data-element_type=\"container\">\n\t\t\t\t<div class=\"elementor-element elementor-element-ecc0f73 elementor-widget elementor-widget-text-editor\" data-id=\"ecc0f73\" data-element_type=\"widget\" data-widget_type=\"text-editor.default\">\n\t\t\t\t<div class=\"elementor-widget-container\">\n\t\t\t\t\t\t\t\t\t<p class=\"translation-block\">Managing every stage, from prefabrication to final installation, with unwavering commitment to quality and deadlines.<\/p>\t\t\t\t\t\t\t\t<\/div>\n\t\t\t\t<\/div>\n\t\t\t\t<\/div>\n\t\t\t\t<\/div>\n\t\t<div class=\"elementor-element elementor-element-24b0614 e-con-full e-flex e-con e-child\" data-id=\"24b0614\" data-element_type=\"container\" data-settings=\"{&quot;background_background&quot;:&quot;classic&quot;}\">\n\t\t\t\t<\/div>\n\t\t\t\t<\/div>\n\t\t\t\t\t<\/div>\n\t\t\t\t<\/div>\n\t\t<div class=\"elementor-element elementor-element-297c1cb e-flex e-con-boxed e-con e-parent\" data-id=\"297c1cb\" data-element_type=\"container\">\n\t\t\t\t\t<div class=\"e-con-inner\">\n\t\t<div class=\"elementor-element elementor-element-d894494 e-con-full e-flex e-con e-child\" data-id=\"d894494\" data-element_type=\"container\">\n\t\t<div class=\"elementor-element elementor-element-cb8a047 e-con-full e-flex e-con e-child\" data-id=\"cb8a047\" data-element_type=\"container\">\n\t\t\t\t<div class=\"elementor-element elementor-element-f7aba3c elementor-widget-tablet__width-inherit elementor-widget elementor-widget-heading\" data-id=\"f7aba3c\" data-element_type=\"widget\" data-widget_type=\"heading.default\">\n\t\t\t\t<div class=\"elementor-widget-container\">\n\t\t\t\t\t<h2 class=\"elementor-heading-title elementor-size-default\">Tailored Workforce Solutions<\/h2>\t\t\t\t<\/div>\n\t\t\t\t<\/div>\n\t\t<div class=\"elementor-element elementor-element-d86067c e-con-full e-flex e-con e-child\" data-id=\"d86067c\" data-element_type=\"container\">\n\t\t\t\t<div class=\"elementor-element elementor-element-718192b elementor-widget elementor-widget-text-editor\" data-id=\"718192b\" data-element_type=\"widget\" data-widget_type=\"text-editor.default\">\n\t\t\t\t<div class=\"elementor-widget-container\">\n\t\t\t\t\t\t\t\t\t<p class=\"translation-block\">Your project\u2019s specific requirements enable ZAMA Welding to assemble expert teams, ensuring seamless execution and top-tier results.<\/p>\t\t\t\t\t\t\t\t<\/div>\n\t\t\t\t<\/div>\n\t\t\t\t<\/div>\n\t\t\t\t<\/div>\n\t\t<div class=\"elementor-element elementor-element-c1c26ad e-con-full e-flex e-con e-child\" data-id=\"c1c26ad\" data-element_type=\"container\" data-settings=\"{&quot;background_background&quot;:&quot;classic&quot;}\">\n\t\t\t\t<\/div>\n\t\t\t\t<\/div>\n\t\t\t\t\t<\/div>\n\t\t\t\t<\/div>\n\t\t<div class=\"elementor-element elementor-element-94a21b9 e-flex e-con-boxed e-con e-parent\" data-id=\"94a21b9\" data-element_type=\"container\">\n\t\t\t\t\t<div class=\"e-con-inner\">\n\t\t<div class=\"elementor-element elementor-element-a739752 e-con-full e-flex e-con e-child\" data-id=\"a739752\" data-element_type=\"container\">\n\t\t\t\t<div class=\"elementor-element elementor-element-adf6a33 elementor-hidden-mobile elementor-widget elementor-widget-heading\" data-id=\"adf6a33\" data-element_type=\"widget\" data-widget_type=\"heading.default\">\n\t\t\t\t<div class=\"elementor-widget-container\">\n\t\t\t\t\t<h2 class=\"elementor-heading-title elementor-size-default translation-block\">Connect <br>With Us<\/h2>\t\t\t\t<\/div>\n\t\t\t\t<\/div>\n\t\t\t\t<div class=\"elementor-element elementor-element-0290041 elementor-hidden-desktop elementor-hidden-tablet elementor-widget elementor-widget-heading\" data-id=\"0290041\" data-element_type=\"widget\" data-widget_type=\"heading.default\">\n\t\t\t\t<div class=\"elementor-widget-container\">\n\t\t\t\t\t<h2 class=\"elementor-heading-title elementor-size-default translation-block\">Connect <br>With Us<\/h2>\t\t\t\t<\/div>\n\t\t\t\t<\/div>\n\t\t\t\t<\/div>\n\t\t<div class=\"elementor-element elementor-element-c61814d e-con-full e-flex e-con e-child\" data-id=\"c61814d\" data-element_type=\"container\" data-settings=\"{&quot;background_background&quot;:&quot;classic&quot;}\">\n\t\t<div class=\"elementor-element elementor-element-a9d32ed e-con-full e-flex e-con e-child\" data-id=\"a9d32ed\" data-element_type=\"container\" data-settings=\"{&quot;background_background&quot;:&quot;classic&quot;}\">\n\t\t\t\t<div class=\"elementor-element elementor-element-8690e1d elementor-button-align-stretch elementor-widget elementor-widget-global elementor-global-1031 elementor-widget-form\" data-id=\"8690e1d\" data-element_type=\"widget\" data-settings=\"{&quot;step_next_label&quot;:&quot;Next&quot;,&quot;step_previous_label&quot;:&quot;Previous&quot;,&quot;button_width&quot;:&quot;100&quot;,&quot;step_type&quot;:&quot;number_text&quot;,&quot;step_icon_shape&quot;:&quot;circle&quot;}\" data-widget_type=\"form.default\">\n\t\t\t\t<div class=\"elementor-widget-container\">\n\t\t\t\t\t\t\t<form class=\"elementor-form\" method=\"post\" name=\"New Form\" action=\"\">\n\t\t\t<input type=\"hidden\" name=\"post_id\" value=\"344\"\/>\n\t\t\t<input type=\"hidden\" name=\"form_id\" value=\"8690e1d\"\/>\n\t\t\t<input type=\"hidden\" name=\"referer_title\" value=\"\" \/>\n\n\t\t\t\n\t\t\t<div class=\"elementor-form-fields-wrapper elementor-labels-above\">\n\t\t\t\t\t\t\t\t<div class=\"elementor-field-type-text elementor-field-group elementor-column elementor-field-group-name elementor-col-100 elementor-field-required\">\n\t\t\t\t\t\t\t\t\t\t\t\t<label for=\"form-field-name\" class=\"elementor-field-label\">\n\t\t\t\t\t\t\t\tYour name\t\t\t\t\t\t\t<\/label>\n\t\t\t\t\t\t\t\t\t\t\t\t\t\t<input size=\"1\" type=\"text\" name=\"form_fields[name]\" id=\"form-field-name\" class=\"elementor-field elementor-size-sm  elementor-field-textual\" required=\"required\">\n\t\t\t\t\t\t\t\t\t\t\t<\/div>\n\t\t\t\t\t\t\t\t<div class=\"elementor-field-type-email elementor-field-group elementor-column elementor-field-group-email elementor-col-50 elementor-field-required\">\n\t\t\t\t\t\t\t\t\t\t\t\t<label for=\"form-field-email\" class=\"elementor-field-label\">\n\t\t\t\t\t\t\t\tE-mail\t\t\t\t\t\t\t<\/label>\n\t\t\t\t\t\t\t\t\t\t\t\t\t\t<input size=\"1\" type=\"email\" name=\"form_fields[email]\" id=\"form-field-email\" class=\"elementor-field elementor-size-sm  elementor-field-textual\" required=\"required\">\n\t\t\t\t\t\t\t\t\t\t\t<\/div>\n\t\t\t\t\t\t\t\t<div class=\"elementor-field-type-tel elementor-field-group elementor-column elementor-field-group-field_19da53d elementor-col-50\">\n\t\t\t\t\t\t\t\t\t\t\t\t<label for=\"form-field-field_19da53d\" class=\"elementor-field-label\">\n\t\t\t\t\t\t\t\tPhone number\t\t\t\t\t\t\t<\/label>\n\t\t\t\t\t\t\t\t<input size=\"1\" type=\"tel\" name=\"form_fields[field_19da53d]\" id=\"form-field-field_19da53d\" class=\"elementor-field elementor-size-sm  elementor-field-textual\" pattern=\"[0-9()#&amp;+*-=.]+\" title=\"Only numbers and phone characters (#, -, *, etc) are accepted.\">\n\n\t\t\t\t\t\t<\/div>\n\t\t\t\t\t\t\t\t<div class=\"elementor-field-type-textarea elementor-field-group elementor-column elementor-field-group-message elementor-col-100\">\n\t\t\t\t\t\t\t\t\t\t\t\t<label for=\"form-field-message\" class=\"elementor-field-label\">\n\t\t\t\t\t\t\t\tMessage\t\t\t\t\t\t\t<\/label>\n\t\t\t\t\t\t<textarea class=\"elementor-field-textual elementor-field  elementor-size-sm\" name=\"form_fields[message]\" id=\"form-field-message\" rows=\"4\"><\/textarea>\t\t\t\t<\/div>\n\t\t\t\t\t\t\t\t<div class=\"elementor-field-type-acceptance elementor-field-group elementor-column elementor-field-group-gdpr elementor-col-100 elementor-field-required\">\n\t\t\t\t\t\t\t<div class=\"elementor-field-subgroup\">\n\t\t\t<span class=\"elementor-field-option\">\n\t\t\t\t<input type=\"checkbox\" name=\"form_fields[gdpr]\" id=\"form-field-gdpr\" class=\"elementor-field elementor-size-sm  elementor-acceptance-field\" required=\"required\">\n\t\t\t\t<label for=\"form-field-gdpr\" class=\"translation-block\">By submitting, you consent to our <a href=\"\/en\/ochrana-sukromia\/\" target=\"_self\">privacy policy<\/a>.<\/label>\t\t\t<\/span>\n\t\t<\/div>\n\t\t\t\t\t\t<\/div>\n\t\t\t\t\t\t\t\t<div class=\"elementor-field-type-recaptcha_v3 elementor-field-group elementor-column elementor-field-group-field_9af0dc9 elementor-col-100 recaptcha_v3-bottomright\">\n\t\t\t\t\t<div class=\"elementor-field\" id=\"form-field-field_9af0dc9\"><div class=\"elementor-g-recaptcha\" data-sitekey=\"6LdxU1orAAAAAC0KVlYSh7Qr-YJl0K5moYf5cf1h\" data-type=\"v3\" data-action=\"Form\" data-badge=\"bottomright\" data-size=\"invisible\"><\/div><\/div>\t\t\t\t<\/div>\n\t\t\t\t\t\t\t\t<div class=\"elementor-field-group elementor-column elementor-field-type-submit elementor-col-100 e-form__buttons\">\n\t\t\t\t\t<button class=\"elementor-button elementor-size-sm\" type=\"submit\">\n\t\t\t\t\t\t<span class=\"elementor-button-content-wrapper\">\n\t\t\t\t\t\t\t\t\t\t\t\t\t\t\t\t\t\t\t\t\t\t<span class=\"elementor-button-text\">Submit Form<\/span>\n\t\t\t\t\t\t\t\t\t\t\t\t\t<\/span>\n\t\t\t\t\t<\/button>\n\t\t\t\t<\/div>\n\t\t\t<\/div>\n\t\t<input type=\"hidden\" name=\"trp-form-language\" value=\"en\"\/><\/form>\n\t\t\t\t\t\t<\/div>\n\t\t\t\t<\/div>\n\t\t\t\t<\/div>\n\t\t\t\t<\/div>\n\t\t\t\t\t<\/div>\n\t\t\t\t<\/div>\n\t\t\t\t<\/div>","protected":false},"excerpt":{"rendered":"<p>Kompletn\u00e9 priemyseln\u00e9 rie\u0161enia na mieru ZAMA Welding pon\u00faka \u0161irok\u00fa \u0161k\u00e1lu slu\u017eieb na vysokej kvalitat\u00edvnej \u00farovni, zameriava sa na prec\u00edzne zv\u00e1ranie met\u00f3dou TIG\/WIG 141\/142 a orbit\u00e1lne zv\u00e1ranie. Pre dosiahnutie po\u017eadovan\u00fdch kvalitat\u00edvnych v\u00fdsledkov v orbit\u00e1lnom zv\u00e1ran\u00ed pou\u017e\u00edvame zariadenia zna\u010dky Orbitalum alebo Orbitec. Kontaktuje n\u00e1s Dielensk\u00e1 predv\u00fdroba Prec\u00edzna dielensk\u00e1 predv\u00fdroba modul\u00e1rnych zost\u00e1v typu Skidbau. Predv\u00fdroba \u010dast\u00ed potrubn\u00fdch rozvodov [&hellip;]<\/p>","protected":false},"author":1,"featured_media":0,"parent":0,"menu_order":0,"comment_status":"closed","ping_status":"closed","template":"","meta":{"_acf_changed":false,"footnotes":""},"class_list":["post-344","page","type-page","status-publish","hentry"],"acf":[],"_links":{"self":[{"href":"https:\/\/zamawelding.sk\/en\/wp-json\/wp\/v2\/pages\/344","targetHints":{"allow":["GET"]}}],"collection":[{"href":"https:\/\/zamawelding.sk\/en\/wp-json\/wp\/v2\/pages"}],"about":[{"href":"https:\/\/zamawelding.sk\/en\/wp-json\/wp\/v2\/types\/page"}],"author":[{"embeddable":true,"href":"https:\/\/zamawelding.sk\/en\/wp-json\/wp\/v2\/users\/1"}],"replies":[{"embeddable":true,"href":"https:\/\/zamawelding.sk\/en\/wp-json\/wp\/v2\/comments?post=344"}],"version-history":[{"count":70,"href":"https:\/\/zamawelding.sk\/en\/wp-json\/wp\/v2\/pages\/344\/revisions"}],"predecessor-version":[{"id":1720,"href":"https:\/\/zamawelding.sk\/en\/wp-json\/wp\/v2\/pages\/344\/revisions\/1720"}],"wp:attachment":[{"href":"https:\/\/zamawelding.sk\/en\/wp-json\/wp\/v2\/media?parent=344"}],"curies":[{"name":"wp","href":"https:\/\/api.w.org\/{rel}","templated":true}]}}