{"id":418,"date":"2025-05-06T19:41:55","date_gmt":"2025-05-06T17:41:55","guid":{"rendered":"https:\/\/zamawelding.sk\/?page_id=418"},"modified":"2026-03-23T08:02:20","modified_gmt":"2026-03-23T07:02:20","slug":"certifikaty","status":"publish","type":"page","link":"https:\/\/zamawelding.sk\/en\/certificates\/","title":{"rendered":"Certifications"},"content":{"rendered":"<div data-elementor-type=\"wp-page\" data-elementor-id=\"418\" class=\"elementor elementor-418\" data-elementor-post-type=\"page\">\n\t\t\t\t<div class=\"elementor-element elementor-element-e568ca7 e-flex e-con-boxed e-con e-parent\" data-id=\"e568ca7\" data-element_type=\"container\">\n\t\t\t\t\t<div class=\"e-con-inner\">\n\t\t<div class=\"elementor-element elementor-element-914d5bc e-con-full e-flex e-con e-child\" data-id=\"914d5bc\" data-element_type=\"container\">\n\t\t<div class=\"elementor-element elementor-element-befc159 e-con-full e-flex e-con e-child\" data-id=\"befc159\" data-element_type=\"container\">\n\t\t\t\t<div class=\"elementor-element elementor-element-55641ef elementor-widget__width-initial elementor-view-default elementor-widget elementor-widget-icon\" data-id=\"55641ef\" data-element_type=\"widget\" data-widget_type=\"icon.default\">\n\t\t\t\t<div class=\"elementor-widget-container\">\n\t\t\t\t\t\t\t<div class=\"elementor-icon-wrapper\">\n\t\t\t<div class=\"elementor-icon\">\n\t\t\t<svg xmlns=\"http:\/\/www.w3.org\/2000\/svg\" width=\"8\" height=\"18\" viewbox=\"0 0 8 18\" fill=\"none\"><path d=\"M3.99296 7.99986C6.20607 7.99986 8.0009 6.20928 8.0009 3.99938C8.0009 1.79053 6.20607 0 3.99296 0C1.78732 0 0 1.79053 0 3.99938C0 6.21035 1.78732 7.99986 3.99296 7.99986Z\" fill=\"#0F2E61\"><\/path><path d=\"M3.99251 18C6.20537 18 8 16.211 8 14.0043C8 11.7891 6.20537 10 3.99251 10C1.78712 10 0 11.7891 0 14.0043C0 16.211 1.78712 18 3.99251 18Z\" fill=\"#0F2E61\"><\/path><\/svg>\t\t\t<\/div>\n\t\t<\/div>\n\t\t\t\t\t\t<\/div>\n\t\t\t\t<\/div>\n\t\t\t\t<div class=\"elementor-element elementor-element-d6c3aa7 elementor-widget elementor-widget-heading\" data-id=\"d6c3aa7\" data-element_type=\"widget\" data-widget_type=\"heading.default\">\n\t\t\t\t<div class=\"elementor-widget-container\">\n\t\t\t\t\t<h3 class=\"elementor-heading-title elementor-size-default\">Certifications<\/h3>\t\t\t\t<\/div>\n\t\t\t\t<\/div>\n\t\t\t\t<\/div>\n\t\t\t\t<div class=\"elementor-element elementor-element-701f89e elementor-widget elementor-widget-heading\" data-id=\"701f89e\" data-element_type=\"widget\" data-widget_type=\"heading.default\">\n\t\t\t\t<div class=\"elementor-widget-container\">\n\t\t\t\t\t<h1 class=\"elementor-heading-title elementor-size-default\">Commitment to high standards in quality and safety<\/h1>\t\t\t\t<\/div>\n\t\t\t\t<\/div>\n\t\t\t\t<div class=\"elementor-element elementor-element-bbcab8b elementor-hidden-desktop elementor-widget elementor-widget-image\" data-id=\"bbcab8b\" data-element_type=\"widget\" data-widget_type=\"image.default\">\n\t\t\t\t<div class=\"elementor-widget-container\">\n\t\t\t\t\t\t\t\t\t\t\t\t\t\t\t<img fetchpriority=\"high\" decoding=\"async\" width=\"800\" height=\"534\" src=\"https:\/\/zamawelding.sk\/wp-content\/uploads\/2025\/05\/fa55c29a69990b3704f5a8f1e253cc98752e66c3-1024x683.webp\" class=\"attachment-large size-large wp-image-420\" alt=\"\" srcset=\"https:\/\/zamawelding.sk\/wp-content\/uploads\/2025\/05\/fa55c29a69990b3704f5a8f1e253cc98752e66c3-1024x683.webp 1024w, https:\/\/zamawelding.sk\/wp-content\/uploads\/2025\/05\/fa55c29a69990b3704f5a8f1e253cc98752e66c3-300x200.webp 300w, https:\/\/zamawelding.sk\/wp-content\/uploads\/2025\/05\/fa55c29a69990b3704f5a8f1e253cc98752e66c3-768x512.webp 768w, https:\/\/zamawelding.sk\/wp-content\/uploads\/2025\/05\/fa55c29a69990b3704f5a8f1e253cc98752e66c3-1536x1024.webp 1536w, https:\/\/zamawelding.sk\/wp-content\/uploads\/2025\/05\/fa55c29a69990b3704f5a8f1e253cc98752e66c3-2048x1365.webp 2048w\" sizes=\"(max-width: 800px) 100vw, 800px\" \/>\t\t\t\t\t\t\t\t\t\t\t\t\t\t\t<\/div>\n\t\t\t\t<\/div>\n\t\t\t\t<div class=\"elementor-element elementor-element-96b8526 elementor-widget elementor-widget-text-editor\" data-id=\"96b8526\" data-element_type=\"widget\" data-widget_type=\"text-editor.default\">\n\t\t\t\t<div class=\"elementor-widget-container\">\n\t\t\t\t\t\t\t\t\t<p>Our certifications confirm strict compliance with manufacturing and installation regulations for industrial piping systems and equipment. We meet the highest industry standards for the pharmaceutical, medical, electronics, semiconductor, and clean gas system sectors.<\/p>\t\t\t\t\t\t\t\t<\/div>\n\t\t\t\t<\/div>\n\t\t\t\t<div class=\"elementor-element elementor-element-809bc0c elementor-widget elementor-widget-button\" data-id=\"809bc0c\" data-element_type=\"widget\" data-widget_type=\"button.default\">\n\t\t\t\t<div class=\"elementor-widget-container\">\n\t\t\t\t\t\t\t\t\t<div class=\"elementor-button-wrapper\">\n\t\t\t\t\t<a class=\"elementor-button elementor-button-link elementor-size-sm\" href=\"https:\/\/zamawelding.sk\/en\/contact\/\">\n\t\t\t\t\t\t<span class=\"elementor-button-content-wrapper\">\n\t\t\t\t\t\t\t\t\t<span class=\"elementor-button-text\">Contact Us<\/span>\n\t\t\t\t\t<\/span>\n\t\t\t\t\t<\/a>\n\t\t\t\t<\/div>\n\t\t\t\t\t\t\t\t<\/div>\n\t\t\t\t<\/div>\n\t\t\t\t<\/div>\n\t\t<div class=\"elementor-element elementor-element-26594c6 e-con-full elementor-hidden-tablet elementor-hidden-mobile e-flex e-con e-child\" data-id=\"26594c6\" data-element_type=\"container\" data-settings=\"{&quot;background_background&quot;:&quot;classic&quot;}\">\n\t\t\t\t<\/div>\n\t\t\t\t\t<\/div>\n\t\t\t\t<\/div>\n\t\t<div class=\"elementor-element elementor-element-5d77944 e-flex e-con-boxed e-con e-parent\" data-id=\"5d77944\" data-element_type=\"container\">\n\t\t\t\t\t<div class=\"e-con-inner\">\n\t\t<div class=\"elementor-element elementor-element-c4abce8 e-con-full e-flex e-con e-child\" data-id=\"c4abce8\" data-element_type=\"container\">\n\t\t\t\t<div class=\"elementor-element elementor-element-afedcc6 elementor-widget elementor-widget-heading\" data-id=\"afedcc6\" data-element_type=\"widget\" data-widget_type=\"heading.default\">\n\t\t\t\t<div class=\"elementor-widget-container\">\n\t\t\t\t\t<h2 class=\"elementor-heading-title elementor-size-default\">Certifications<\/h2>\t\t\t\t<\/div>\n\t\t\t\t<\/div>\n\t\t\t\t<\/div>\n\t\t<div class=\"elementor-element elementor-element-309dc66 e-con-full e-grid e-con e-child\" data-id=\"309dc66\" data-element_type=\"container\" data-no-translation=\"\">\n\t\t<div class=\"elementor-element elementor-element-18c52d6 e-con-full e-flex e-con e-child\" data-id=\"18c52d6\" data-element_type=\"container\">\n\t\t<div class=\"elementor-element elementor-element-59f4d4e e-con-full e-flex e-con e-child\" data-id=\"59f4d4e\" data-element_type=\"container\" data-settings=\"{&quot;background_background&quot;:&quot;classic&quot;}\">\n\t\t\t\t<div class=\"elementor-element elementor-element-8a89a59 elementor-widget__width-inherit elementor-widget elementor-widget-image\" data-id=\"8a89a59\" data-element_type=\"widget\" data-widget_type=\"image.default\">\n\t\t\t\t<div class=\"elementor-widget-container\">\n\t\t\t\t\t\t\t\t\t\t\t\t\t\t\t<img decoding=\"async\" src=\"https:\/\/zamawelding.sk\/wp-content\/uploads\/elementor\/thumbs\/ISO-9001-AJ-scaled-r6synfy9lw6z7x9o6srkgu5idswv2k756viucid380.jpg\" title=\"ISO 9001 AJ\" alt=\"ISO 9001 AJ\" loading=\"lazy\" \/>\t\t\t\t\t\t\t\t\t\t\t\t\t\t\t<\/div>\n\t\t\t\t<\/div>\n\t\t\t\t<\/div>\n\t\t\t\t<div class=\"elementor-element elementor-element-50c3810 elementor-widget elementor-widget-heading\" data-id=\"50c3810\" data-element_type=\"widget\" data-widget_type=\"heading.default\">\n\t\t\t\t<div class=\"elementor-widget-container\">\n\t\t\t\t\t<h3 class=\"elementor-heading-title elementor-size-default\">ISO 9001<\/h3>\t\t\t\t<\/div>\n\t\t\t\t<\/div>\n\t\t\t\t<div class=\"elementor-element elementor-element-87b9f4b elementor-widget elementor-widget-heading\" data-id=\"87b9f4b\" data-element_type=\"widget\" data-widget_type=\"heading.default\">\n\t\t\t\t<div class=\"elementor-widget-container\">\n\t\t\t\t\t<h3 class=\"elementor-heading-title elementor-size-default\">Zama Welding\u2019s Quality Management System covers:<\/h3>\t\t\t\t<\/div>\n\t\t\t\t<\/div>\n\t\t\t\t<\/div>\n\t\t<div class=\"elementor-element elementor-element-f95fcc5 e-con-full e-flex e-con e-child\" data-id=\"f95fcc5\" data-element_type=\"container\">\n\t\t<div class=\"elementor-element elementor-element-8226fbf e-con-full e-flex e-con e-child\" data-id=\"8226fbf\" data-element_type=\"container\" data-settings=\"{&quot;background_background&quot;:&quot;classic&quot;}\">\n\t\t\t\t<div class=\"elementor-element elementor-element-f779751 elementor-widget__width-inherit elementor-widget elementor-widget-image\" data-id=\"f779751\" data-element_type=\"widget\" data-widget_type=\"image.default\">\n\t\t\t\t<div class=\"elementor-widget-container\">\n\t\t\t\t\t\t\t\t\t\t\t\t\t\t\t<img decoding=\"async\" src=\"https:\/\/zamawelding.sk\/wp-content\/uploads\/elementor\/thumbs\/3834-AJ-scaled-r6synfy9lw6z7x9o6srkgu5idswv2k756viucid380.jpg\" title=\"3834 AJ\" alt=\"3834 AJ\" loading=\"lazy\" \/>\t\t\t\t\t\t\t\t\t\t\t\t\t\t\t<\/div>\n\t\t\t\t<\/div>\n\t\t\t\t<\/div>\n\t\t\t\t<div class=\"elementor-element elementor-element-d4eec54 elementor-widget elementor-widget-heading\" data-id=\"d4eec54\" data-element_type=\"widget\" data-widget_type=\"heading.default\">\n\t\t\t\t<div class=\"elementor-widget-container\">\n\t\t\t\t\t<h3 class=\"elementor-heading-title elementor-size-default\">ISO 3834-3<\/h3>\t\t\t\t<\/div>\n\t\t\t\t<\/div>\n\t\t\t\t<div class=\"elementor-element elementor-element-1cda1e7 elementor-widget elementor-widget-heading\" data-id=\"1cda1e7\" data-element_type=\"widget\" data-widget_type=\"heading.default\">\n\t\t\t\t<div class=\"elementor-widget-container\">\n\t\t\t\t\t<h3 class=\"elementor-heading-title elementor-size-default\">Zama Welding\u2019s Quality Management System covers:<\/h3>\t\t\t\t<\/div>\n\t\t\t\t<\/div>\n\t\t\t\t<\/div>\n\t\t<div class=\"elementor-element elementor-element-d87efa2 e-con-full e-flex e-con e-child\" data-id=\"d87efa2\" data-element_type=\"container\">\n\t\t<div class=\"elementor-element elementor-element-5c65ad3 e-con-full e-flex e-con e-child\" data-id=\"5c65ad3\" data-element_type=\"container\" data-settings=\"{&quot;background_background&quot;:&quot;classic&quot;}\">\n\t\t\t\t<div class=\"elementor-element elementor-element-a78d4c4 elementor-widget__width-inherit elementor-widget elementor-widget-image\" data-id=\"a78d4c4\" data-element_type=\"widget\" data-widget_type=\"image.default\">\n\t\t\t\t<div class=\"elementor-widget-container\">\n\t\t\t\t\t\t\t\t\t\t\t\t\t\t\t<img decoding=\"async\" src=\"https:\/\/zamawelding.sk\/wp-content\/uploads\/elementor\/thumbs\/iso-1090-AJ-scaled-r6synfy9lw6z7x9o6srkgu5idswv2k756viucid380.jpg\" title=\"iso 1090 AJ\" alt=\"iso 1090 AJ\" loading=\"lazy\" \/>\t\t\t\t\t\t\t\t\t\t\t\t\t\t\t<\/div>\n\t\t\t\t<\/div>\n\t\t\t\t<\/div>\n\t\t\t\t<div class=\"elementor-element elementor-element-34234c5 elementor-widget elementor-widget-heading\" data-id=\"34234c5\" data-element_type=\"widget\" data-widget_type=\"heading.default\">\n\t\t\t\t<div class=\"elementor-widget-container\">\n\t\t\t\t\t<h3 class=\"elementor-heading-title elementor-size-default\">ISO 1090-2<\/h3>\t\t\t\t<\/div>\n\t\t\t\t<\/div>\n\t\t\t\t<div class=\"elementor-element elementor-element-048563a elementor-widget elementor-widget-heading\" data-id=\"048563a\" data-element_type=\"widget\" data-widget_type=\"heading.default\">\n\t\t\t\t<div class=\"elementor-widget-container\">\n\t\t\t\t\t<h3 class=\"elementor-heading-title elementor-size-default\">Zama Welding\u2019s Quality Management System covers:<\/h3>\t\t\t\t<\/div>\n\t\t\t\t<\/div>\n\t\t\t\t<\/div>\n\t\t<div class=\"elementor-element elementor-element-3a4f338 e-con-full e-flex e-con e-child\" data-id=\"3a4f338\" data-element_type=\"container\">\n\t\t<div class=\"elementor-element elementor-element-0e01164 e-con-full e-flex e-con e-child\" data-id=\"0e01164\" data-element_type=\"container\" data-settings=\"{&quot;background_background&quot;:&quot;classic&quot;}\">\n\t\t\t\t<div class=\"elementor-element elementor-element-e2b9f3a elementor-widget__width-inherit elementor-widget elementor-widget-image\" data-id=\"e2b9f3a\" data-element_type=\"widget\" data-widget_type=\"image.default\">\n\t\t\t\t<div class=\"elementor-widget-container\">\n\t\t\t\t\t\t\t\t\t\t\t\t\t\t\t<img decoding=\"async\" src=\"https:\/\/zamawelding.sk\/wp-content\/uploads\/elementor\/thumbs\/0cd9ce060bd3111d6a4c2e165cbc9030a857f7f5-r6synfy9lw6z7x9o6srkgu5idswv2k756viucid380.png\" title=\"0cd9ce060bd3111d6a4c2e165cbc9030a857f7f5\" alt=\"0cd9ce060bd3111d6a4c2e165cbc9030a857f7f5\" loading=\"lazy\" \/>\t\t\t\t\t\t\t\t\t\t\t\t\t\t\t<\/div>\n\t\t\t\t<\/div>\n\t\t\t\t<\/div>\n\t\t\t\t<div class=\"elementor-element elementor-element-93e3c0f elementor-widget elementor-widget-heading\" data-id=\"93e3c0f\" data-element_type=\"widget\" data-widget_type=\"heading.default\">\n\t\t\t\t<div class=\"elementor-widget-container\">\n\t\t\t\t\t<h3 class=\"elementor-heading-title elementor-size-default\">SCC<\/h3>\t\t\t\t<\/div>\n\t\t\t\t<\/div>\n\t\t\t\t<div class=\"elementor-element elementor-element-593a9a5 elementor-widget elementor-widget-heading\" data-id=\"593a9a5\" data-element_type=\"widget\" data-widget_type=\"heading.default\">\n\t\t\t\t<div class=\"elementor-widget-container\">\n\t\t\t\t\t<h3 class=\"elementor-heading-title elementor-size-default\">Safety Managment System<\/h3>\t\t\t\t<\/div>\n\t\t\t\t<\/div>\n\t\t\t\t<\/div>\n\t\t<div class=\"elementor-element elementor-element-88b6577 e-con-full e-flex e-con e-child\" data-id=\"88b6577\" data-element_type=\"container\">\n\t\t<div class=\"elementor-element elementor-element-4f63fb5 e-con-full e-flex e-con e-child\" data-id=\"4f63fb5\" data-element_type=\"container\" data-settings=\"{&quot;background_background&quot;:&quot;classic&quot;}\">\n\t\t\t\t<div class=\"elementor-element elementor-element-d6608c2 elementor-widget__width-inherit elementor-widget elementor-widget-image\" data-id=\"d6608c2\" data-element_type=\"widget\" data-widget_type=\"image.default\">\n\t\t\t\t<div class=\"elementor-widget-container\">\n\t\t\t\t\t\t\t\t\t\t\t\t\t\t\t<img decoding=\"async\" src=\"https:\/\/zamawelding.sk\/wp-content\/uploads\/elementor\/thumbs\/376d3ec72f023716e0eb9daf09fdc34f1a85d7e4-r6synfy9lw6z7x9o6srkgu5idswv2k756viucid380.png\" title=\"376d3ec72f023716e0eb9daf09fdc34f1a85d7e4\" alt=\"376d3ec72f023716e0eb9daf09fdc34f1a85d7e4\" loading=\"lazy\" \/>\t\t\t\t\t\t\t\t\t\t\t\t\t\t\t<\/div>\n\t\t\t\t<\/div>\n\t\t\t\t<\/div>\n\t\t\t\t<div class=\"elementor-element elementor-element-d4a4dc9 elementor-widget elementor-widget-heading\" data-id=\"d4a4dc9\" data-element_type=\"widget\" data-widget_type=\"heading.default\">\n\t\t\t\t<div class=\"elementor-widget-container\">\n\t\t\t\t\t<h3 class=\"elementor-heading-title elementor-size-default\">Pressure Equipment<\/h3>\t\t\t\t<\/div>\n\t\t\t\t<\/div>\n\t\t\t\t<div class=\"elementor-element elementor-element-8d66d51 elementor-widget elementor-widget-heading\" data-id=\"8d66d51\" data-element_type=\"widget\" data-widget_type=\"heading.default\">\n\t\t\t\t<div class=\"elementor-widget-container\">\n\t\t\t\t\t<h3 class=\"elementor-heading-title elementor-size-default\">Assembly, reconstruction, and maintenance<\/h3>\t\t\t\t<\/div>\n\t\t\t\t<\/div>\n\t\t\t\t<\/div>\n\t\t<div class=\"elementor-element elementor-element-0996806 e-con-full e-flex e-con e-child\" data-id=\"0996806\" data-element_type=\"container\">\n\t\t<div class=\"elementor-element elementor-element-946c5c5 e-con-full e-flex e-con e-child\" data-id=\"946c5c5\" data-element_type=\"container\" data-settings=\"{&quot;background_background&quot;:&quot;classic&quot;}\">\n\t\t\t\t<div class=\"elementor-element elementor-element-e98d28e elementor-widget__width-inherit elementor-widget elementor-widget-image\" data-id=\"e98d28e\" data-element_type=\"widget\" data-widget_type=\"image.default\">\n\t\t\t\t<div class=\"elementor-widget-container\">\n\t\t\t\t\t\t\t\t\t\t\t\t\t\t\t<img decoding=\"async\" src=\"https:\/\/zamawelding.sk\/wp-content\/uploads\/elementor\/thumbs\/41ee5e37a297c24343144a593a72ca77f55ad04a-r6synfy9lw6z7x9o6srkgu5idswv2k756viucid380.png\" title=\"41ee5e37a297c24343144a593a72ca77f55ad04a\" alt=\"41ee5e37a297c24343144a593a72ca77f55ad04a\" loading=\"lazy\" \/>\t\t\t\t\t\t\t\t\t\t\t\t\t\t\t<\/div>\n\t\t\t\t<\/div>\n\t\t\t\t<\/div>\n\t\t\t\t<div class=\"elementor-element elementor-element-6118063 elementor-widget elementor-widget-heading\" data-id=\"6118063\" data-element_type=\"widget\" data-widget_type=\"heading.default\">\n\t\t\t\t<div class=\"elementor-widget-container\">\n\t\t\t\t\t<h3 class=\"elementor-heading-title elementor-size-default\">Gas Equipment \u2013 Safe and efficient solutions<\/h3>\t\t\t\t<\/div>\n\t\t\t\t<\/div>\n\t\t\t\t<div class=\"elementor-element elementor-element-f3113cf elementor-widget elementor-widget-heading\" data-id=\"f3113cf\" data-element_type=\"widget\" data-widget_type=\"heading.default\">\n\t\t\t\t<div class=\"elementor-widget-container\">\n\t\t\t\t\t<h3 class=\"elementor-heading-title elementor-size-default\">Assembly, reconstruction, and maintenance<\/h3>\t\t\t\t<\/div>\n\t\t\t\t<\/div>\n\t\t\t\t<\/div>\n\t\t<div class=\"elementor-element elementor-element-4b8988d e-con-full e-flex e-con e-child\" data-id=\"4b8988d\" data-element_type=\"container\">\n\t\t<div class=\"elementor-element elementor-element-f7b68c4 e-con-full e-flex e-con e-child\" data-id=\"f7b68c4\" data-element_type=\"container\" data-settings=\"{&quot;background_background&quot;:&quot;classic&quot;}\">\n\t\t\t\t<div class=\"elementor-element elementor-element-7ebc605 elementor-widget__width-inherit elementor-widget elementor-widget-image\" data-id=\"7ebc605\" data-element_type=\"widget\" data-widget_type=\"image.default\">\n\t\t\t\t<div class=\"elementor-widget-container\">\n\t\t\t\t\t\t\t\t\t\t\t\t\t\t\t<img decoding=\"async\" src=\"https:\/\/zamawelding.sk\/wp-content\/uploads\/elementor\/thumbs\/Certificate_ISO_14001_EN-rkx51udlsvr5e2cg3kx5jtpgz983u673eaympny74g.webp\" title=\"Certificate_ISO_14001_EN\" alt=\"Certificate_ISO_14001_EN\" loading=\"lazy\" \/>\t\t\t\t\t\t\t\t\t\t\t\t\t\t\t<\/div>\n\t\t\t\t<\/div>\n\t\t\t\t<\/div>\n\t\t\t\t<div class=\"elementor-element elementor-element-99702ba elementor-widget elementor-widget-heading\" data-id=\"99702ba\" data-element_type=\"widget\" data-widget_type=\"heading.default\">\n\t\t\t\t<div class=\"elementor-widget-container\">\n\t\t\t\t\t<h3 class=\"elementor-heading-title elementor-size-default\">ISO 14001:2015<\/h3>\t\t\t\t<\/div>\n\t\t\t\t<\/div>\n\t\t\t\t<div class=\"elementor-element elementor-element-4584789 elementor-widget elementor-widget-heading\" data-id=\"4584789\" data-element_type=\"widget\" data-widget_type=\"heading.default\">\n\t\t\t\t<div class=\"elementor-widget-container\">\n\t\t\t\t\t<h3 class=\"elementor-heading-title elementor-size-default\">an Enviromental Management System<\/h3>\t\t\t\t<\/div>\n\t\t\t\t<\/div>\n\t\t\t\t<\/div>\n\t\t\t\t<\/div>\n\t\t\t\t\t<\/div>\n\t\t\t\t<\/div>\n\t\t<div class=\"elementor-element elementor-element-b7dea65 e-flex e-con-boxed e-con e-parent\" data-id=\"b7dea65\" data-element_type=\"container\">\n\t\t\t\t\t<div class=\"e-con-inner\">\n\t\t<div class=\"elementor-element elementor-element-0cc942c e-flex e-con-boxed e-con e-child\" data-id=\"0cc942c\" data-element_type=\"container\" data-settings=\"{&quot;background_background&quot;:&quot;classic&quot;}\">\n\t\t\t\t\t<div class=\"e-con-inner\">\n\t\t\t\t<div class=\"elementor-element elementor-element-8f40de6 elementor-widget elementor-widget-heading\" data-id=\"8f40de6\" data-element_type=\"widget\" data-widget_type=\"heading.default\">\n\t\t\t\t<div class=\"elementor-widget-container\">\n\t\t\t\t\t<h1 class=\"elementor-heading-title elementor-size-default\">We deliver tailored solutions that meet even the toughest requirements of our customers across various industries.<\/h1>\t\t\t\t<\/div>\n\t\t\t\t<\/div>\n\t\t\t\t<div class=\"elementor-element elementor-element-e92e4ad elementor-align-center elementor-widget elementor-widget-button\" data-id=\"e92e4ad\" data-element_type=\"widget\" data-widget_type=\"button.default\">\n\t\t\t\t<div class=\"elementor-widget-container\">\n\t\t\t\t\t\t\t\t\t<div class=\"elementor-button-wrapper\">\n\t\t\t\t\t<a class=\"elementor-button elementor-button-link elementor-size-sm\" href=\"https:\/\/zamawelding.sk\/en\/contact\/\">\n\t\t\t\t\t\t<span class=\"elementor-button-content-wrapper\">\n\t\t\t\t\t\t\t\t\t<span class=\"elementor-button-text\">Contact Us<\/span>\n\t\t\t\t\t<\/span>\n\t\t\t\t\t<\/a>\n\t\t\t\t<\/div>\n\t\t\t\t\t\t\t\t<\/div>\n\t\t\t\t<\/div>\n\t\t\t\t\t<\/div>\n\t\t\t\t<\/div>\n\t\t\t\t\t<\/div>\n\t\t\t\t<\/div>\n\t\t\t\t<\/div>","protected":false},"excerpt":{"rendered":"<p>Certifik\u00e1ty D\u00f4raz na vysok\u00e9 \u0161tandardy kvality a bezpe\u010dnosti Na\u0161e certifik\u00e1ty potvrdzuj\u00fa, \u017ee sp\u013a\u0148ame pr\u00edsne normy vo v\u00fdrobe a mont\u00e1\u017ei potrubn\u00fdch rozvodov a\u00a0zariaden\u00ed v r\u00f4znych priemyseln\u00fdch odvetviach, vr\u00e1tane farmaceutick\u00e9ho, medic\u00ednskeho, elektronick\u00e9ho priemyslu, polovodi\u010dovej techniky a syst\u00e9mu \u010dist\u00fdch plynov. Kontaktuje n\u00e1s Certifik\u00e1ty ISO 9001 Syst\u00e9m mana\u017e\u00e9rstva kvality ISO 3834-3 Syst\u00e9m mana\u017e\u00e9rstva kvality ISO 1090-2 Syst\u00e9m mana\u017e\u00e9rstva kvality [&hellip;]<\/p>","protected":false},"author":1,"featured_media":0,"parent":0,"menu_order":0,"comment_status":"closed","ping_status":"closed","template":"","meta":{"_acf_changed":false,"footnotes":""},"class_list":["post-418","page","type-page","status-publish","hentry"],"acf":[],"_links":{"self":[{"href":"https:\/\/zamawelding.sk\/en\/wp-json\/wp\/v2\/pages\/418","targetHints":{"allow":["GET"]}}],"collection":[{"href":"https:\/\/zamawelding.sk\/en\/wp-json\/wp\/v2\/pages"}],"about":[{"href":"https:\/\/zamawelding.sk\/en\/wp-json\/wp\/v2\/types\/page"}],"author":[{"embeddable":true,"href":"https:\/\/zamawelding.sk\/en\/wp-json\/wp\/v2\/users\/1"}],"replies":[{"embeddable":true,"href":"https:\/\/zamawelding.sk\/en\/wp-json\/wp\/v2\/comments?post=418"}],"version-history":[{"count":67,"href":"https:\/\/zamawelding.sk\/en\/wp-json\/wp\/v2\/pages\/418\/revisions"}],"predecessor-version":[{"id":1854,"href":"https:\/\/zamawelding.sk\/en\/wp-json\/wp\/v2\/pages\/418\/revisions\/1854"}],"wp:attachment":[{"href":"https:\/\/zamawelding.sk\/en\/wp-json\/wp\/v2\/media?parent=418"}],"curies":[{"name":"wp","href":"https:\/\/api.w.org\/{rel}","templated":true}]}}