{"id":418,"date":"2025-05-06T19:41:55","date_gmt":"2025-05-06T17:41:55","guid":{"rendered":"https:\/\/zamawelding.sk\/?page_id=418"},"modified":"2026-03-23T08:02:20","modified_gmt":"2026-03-23T07:02:20","slug":"certifikaty","status":"publish","type":"page","link":"https:\/\/zamawelding.sk\/fr\/certificats\/","title":{"rendered":"Certificats"},"content":{"rendered":"<div data-elementor-type=\"wp-page\" data-elementor-id=\"418\" class=\"elementor elementor-418\" data-elementor-post-type=\"page\">\n\t\t\t\t<div class=\"elementor-element elementor-element-e568ca7 e-flex e-con-boxed e-con e-parent\" data-id=\"e568ca7\" data-element_type=\"container\">\n\t\t\t\t\t<div class=\"e-con-inner\">\n\t\t<div class=\"elementor-element elementor-element-914d5bc e-con-full e-flex e-con e-child\" data-id=\"914d5bc\" data-element_type=\"container\">\n\t\t<div class=\"elementor-element elementor-element-befc159 e-con-full e-flex e-con e-child\" data-id=\"befc159\" data-element_type=\"container\">\n\t\t\t\t<div class=\"elementor-element elementor-element-55641ef elementor-widget__width-initial elementor-view-default elementor-widget elementor-widget-icon\" data-id=\"55641ef\" data-element_type=\"widget\" data-widget_type=\"icon.default\">\n\t\t\t\t<div class=\"elementor-widget-container\">\n\t\t\t\t\t\t\t<div class=\"elementor-icon-wrapper\">\n\t\t\t<div class=\"elementor-icon\">\n\t\t\t<svg xmlns=\"http:\/\/www.w3.org\/2000\/svg\" width=\"8\" height=\"18\" viewbox=\"0 0 8 18\" fill=\"none\"><path d=\"M3.99296 7.99986C6.20607 7.99986 8.0009 6.20928 8.0009 3.99938C8.0009 1.79053 6.20607 0 3.99296 0C1.78732 0 0 1.79053 0 3.99938C0 6.21035 1.78732 7.99986 3.99296 7.99986Z\" fill=\"#0F2E61\"><\/path><path d=\"M3.99251 18C6.20537 18 8 16.211 8 14.0043C8 11.7891 6.20537 10 3.99251 10C1.78712 10 0 11.7891 0 14.0043C0 16.211 1.78712 18 3.99251 18Z\" fill=\"#0F2E61\"><\/path><\/svg>\t\t\t<\/div>\n\t\t<\/div>\n\t\t\t\t\t\t<\/div>\n\t\t\t\t<\/div>\n\t\t\t\t<div class=\"elementor-element elementor-element-d6c3aa7 elementor-widget elementor-widget-heading\" data-id=\"d6c3aa7\" data-element_type=\"widget\" data-widget_type=\"heading.default\">\n\t\t\t\t<div class=\"elementor-widget-container\">\n\t\t\t\t\t<h3 class=\"elementor-heading-title elementor-size-default\">Certificats<\/h3>\t\t\t\t<\/div>\n\t\t\t\t<\/div>\n\t\t\t\t<\/div>\n\t\t\t\t<div class=\"elementor-element elementor-element-701f89e elementor-widget elementor-widget-heading\" data-id=\"701f89e\" data-element_type=\"widget\" data-widget_type=\"heading.default\">\n\t\t\t\t<div class=\"elementor-widget-container\">\n\t\t\t\t\t<h1 class=\"elementor-heading-title elementor-size-default\">Accent mis sur des normes \u00e9lev\u00e9es de qualit\u00e9 et de s\u00e9curit\u00e9<\/h1>\t\t\t\t<\/div>\n\t\t\t\t<\/div>\n\t\t\t\t<div class=\"elementor-element elementor-element-bbcab8b elementor-hidden-desktop elementor-widget elementor-widget-image\" data-id=\"bbcab8b\" data-element_type=\"widget\" data-widget_type=\"image.default\">\n\t\t\t\t<div class=\"elementor-widget-container\">\n\t\t\t\t\t\t\t\t\t\t\t\t\t\t\t<img fetchpriority=\"high\" decoding=\"async\" width=\"800\" height=\"534\" src=\"https:\/\/zamawelding.sk\/wp-content\/uploads\/2025\/05\/fa55c29a69990b3704f5a8f1e253cc98752e66c3-1024x683.webp\" class=\"attachment-large size-large wp-image-420\" alt=\"\" srcset=\"https:\/\/zamawelding.sk\/wp-content\/uploads\/2025\/05\/fa55c29a69990b3704f5a8f1e253cc98752e66c3-1024x683.webp 1024w, https:\/\/zamawelding.sk\/wp-content\/uploads\/2025\/05\/fa55c29a69990b3704f5a8f1e253cc98752e66c3-300x200.webp 300w, https:\/\/zamawelding.sk\/wp-content\/uploads\/2025\/05\/fa55c29a69990b3704f5a8f1e253cc98752e66c3-768x512.webp 768w, https:\/\/zamawelding.sk\/wp-content\/uploads\/2025\/05\/fa55c29a69990b3704f5a8f1e253cc98752e66c3-1536x1024.webp 1536w, https:\/\/zamawelding.sk\/wp-content\/uploads\/2025\/05\/fa55c29a69990b3704f5a8f1e253cc98752e66c3-2048x1365.webp 2048w\" sizes=\"(max-width: 800px) 100vw, 800px\" \/>\t\t\t\t\t\t\t\t\t\t\t\t\t\t\t<\/div>\n\t\t\t\t<\/div>\n\t\t\t\t<div class=\"elementor-element elementor-element-96b8526 elementor-widget elementor-widget-text-editor\" data-id=\"96b8526\" data-element_type=\"widget\" data-widget_type=\"text-editor.default\">\n\t\t\t\t<div class=\"elementor-widget-container\">\n\t\t\t\t\t\t\t\t\t<p>Nos certificats attestent que nous respectons des normes strictes dans la fabrication et l\u2019installation de r\u00e9seaux de tuyauterie et d\u2019\u00e9quipements dans divers secteurs industriels, notamment pharmaceutique, m\u00e9dical, \u00e9lectronique, technologie des semi-conducteurs et syst\u00e8mes de gaz purs.<\/p>\t\t\t\t\t\t\t\t<\/div>\n\t\t\t\t<\/div>\n\t\t\t\t<div class=\"elementor-element elementor-element-809bc0c elementor-widget elementor-widget-button\" data-id=\"809bc0c\" data-element_type=\"widget\" data-widget_type=\"button.default\">\n\t\t\t\t<div class=\"elementor-widget-container\">\n\t\t\t\t\t\t\t\t\t<div class=\"elementor-button-wrapper\">\n\t\t\t\t\t<a class=\"elementor-button elementor-button-link elementor-size-sm\" href=\"https:\/\/zamawelding.sk\/fr\/contact\/\">\n\t\t\t\t\t\t<span class=\"elementor-button-content-wrapper\">\n\t\t\t\t\t\t\t\t\t<span class=\"elementor-button-text\">Contactez-nous<\/span>\n\t\t\t\t\t<\/span>\n\t\t\t\t\t<\/a>\n\t\t\t\t<\/div>\n\t\t\t\t\t\t\t\t<\/div>\n\t\t\t\t<\/div>\n\t\t\t\t<\/div>\n\t\t<div class=\"elementor-element elementor-element-26594c6 e-con-full elementor-hidden-tablet elementor-hidden-mobile e-flex e-con e-child\" data-id=\"26594c6\" data-element_type=\"container\" data-settings=\"{&quot;background_background&quot;:&quot;classic&quot;}\">\n\t\t\t\t<\/div>\n\t\t\t\t\t<\/div>\n\t\t\t\t<\/div>\n\t\t<div class=\"elementor-element elementor-element-5d77944 e-flex e-con-boxed e-con e-parent\" data-id=\"5d77944\" data-element_type=\"container\">\n\t\t\t\t\t<div class=\"e-con-inner\">\n\t\t<div class=\"elementor-element elementor-element-c4abce8 e-con-full e-flex e-con e-child\" data-id=\"c4abce8\" data-element_type=\"container\">\n\t\t\t\t<div class=\"elementor-element elementor-element-afedcc6 elementor-widget elementor-widget-heading\" data-id=\"afedcc6\" data-element_type=\"widget\" data-widget_type=\"heading.default\">\n\t\t\t\t<div class=\"elementor-widget-container\">\n\t\t\t\t\t<h2 class=\"elementor-heading-title elementor-size-default\">Certificats<\/h2>\t\t\t\t<\/div>\n\t\t\t\t<\/div>\n\t\t\t\t<\/div>\n\t\t<div class=\"elementor-element elementor-element-3926e0f e-con-full e-grid e-con e-child\" data-id=\"3926e0f\" data-element_type=\"container\" data-no-translation=\"\">\n\t\t<div class=\"elementor-element elementor-element-3c14221 e-con-full e-flex e-con e-child\" data-id=\"3c14221\" data-element_type=\"container\">\n\t\t<div class=\"elementor-element elementor-element-287b345 e-con-full e-flex e-con e-child\" data-id=\"287b345\" data-element_type=\"container\" data-settings=\"{&quot;background_background&quot;:&quot;classic&quot;}\">\n\t\t\t\t<div class=\"elementor-element elementor-element-aa30d77 elementor-widget__width-inherit elementor-widget elementor-widget-image\" data-id=\"aa30d77\" data-element_type=\"widget\" data-widget_type=\"image.default\">\n\t\t\t\t<div class=\"elementor-widget-container\">\n\t\t\t\t\t\t\t\t\t\t\t\t\t\t\t<img decoding=\"async\" src=\"https:\/\/zamawelding.sk\/wp-content\/uploads\/elementor\/thumbs\/ISO-9001-AJ-scaled-r6synfy9lw6z7x9o6srkgu5idswv2k756viucid380.jpg\" title=\"ISO 9001 AJ\" alt=\"ISO 9001 AJ\" loading=\"lazy\" \/>\t\t\t\t\t\t\t\t\t\t\t\t\t\t\t<\/div>\n\t\t\t\t<\/div>\n\t\t\t\t<\/div>\n\t\t\t\t<div class=\"elementor-element elementor-element-5fa58db elementor-widget elementor-widget-heading\" data-id=\"5fa58db\" data-element_type=\"widget\" data-widget_type=\"heading.default\">\n\t\t\t\t<div class=\"elementor-widget-container\">\n\t\t\t\t\t<h3 class=\"elementor-heading-title elementor-size-default\">ISO 9001<\/h3>\t\t\t\t<\/div>\n\t\t\t\t<\/div>\n\t\t\t\t<div class=\"elementor-element elementor-element-2f1473b elementor-widget elementor-widget-heading\" data-id=\"2f1473b\" data-element_type=\"widget\" data-widget_type=\"heading.default\">\n\t\t\t\t<div class=\"elementor-widget-container\">\n\t\t\t\t\t<h3 class=\"elementor-heading-title elementor-size-default\">Syst\u00e8me de gestion de la qualit\u00e9<\/h3>\t\t\t\t<\/div>\n\t\t\t\t<\/div>\n\t\t\t\t<\/div>\n\t\t<div class=\"elementor-element elementor-element-c4de636 e-con-full e-flex e-con e-child\" data-id=\"c4de636\" data-element_type=\"container\">\n\t\t<div class=\"elementor-element elementor-element-2faa1d8 e-con-full e-flex e-con e-child\" data-id=\"2faa1d8\" data-element_type=\"container\" data-settings=\"{&quot;background_background&quot;:&quot;classic&quot;}\">\n\t\t\t\t<div class=\"elementor-element elementor-element-7f0d012 elementor-widget__width-inherit elementor-widget elementor-widget-image\" data-id=\"7f0d012\" data-element_type=\"widget\" data-widget_type=\"image.default\">\n\t\t\t\t<div class=\"elementor-widget-container\">\n\t\t\t\t\t\t\t\t\t\t\t\t\t\t\t<img decoding=\"async\" src=\"https:\/\/zamawelding.sk\/wp-content\/uploads\/elementor\/thumbs\/3834-AJ-scaled-r6synfy9lw6z7x9o6srkgu5idswv2k756viucid380.jpg\" title=\"3834 AJ\" alt=\"3834 AJ\" loading=\"lazy\" \/>\t\t\t\t\t\t\t\t\t\t\t\t\t\t\t<\/div>\n\t\t\t\t<\/div>\n\t\t\t\t<\/div>\n\t\t\t\t<div class=\"elementor-element elementor-element-c56add2 elementor-widget elementor-widget-heading\" data-id=\"c56add2\" data-element_type=\"widget\" data-widget_type=\"heading.default\">\n\t\t\t\t<div class=\"elementor-widget-container\">\n\t\t\t\t\t<h3 class=\"elementor-heading-title elementor-size-default\">ISO 3834-3<\/h3>\t\t\t\t<\/div>\n\t\t\t\t<\/div>\n\t\t\t\t<div class=\"elementor-element elementor-element-0920b96 elementor-widget elementor-widget-heading\" data-id=\"0920b96\" data-element_type=\"widget\" data-widget_type=\"heading.default\">\n\t\t\t\t<div class=\"elementor-widget-container\">\n\t\t\t\t\t<h3 class=\"elementor-heading-title elementor-size-default\">Syst\u00e8me de gestion de la qualit\u00e9<\/h3>\t\t\t\t<\/div>\n\t\t\t\t<\/div>\n\t\t\t\t<\/div>\n\t\t<div class=\"elementor-element elementor-element-f4dd5e7 e-con-full e-flex e-con e-child\" data-id=\"f4dd5e7\" data-element_type=\"container\">\n\t\t<div class=\"elementor-element elementor-element-45aba37 e-con-full e-flex e-con e-child\" data-id=\"45aba37\" data-element_type=\"container\" data-settings=\"{&quot;background_background&quot;:&quot;classic&quot;}\">\n\t\t\t\t<div class=\"elementor-element elementor-element-7b3d9d9 elementor-widget__width-inherit elementor-widget elementor-widget-image\" data-id=\"7b3d9d9\" data-element_type=\"widget\" data-widget_type=\"image.default\">\n\t\t\t\t<div class=\"elementor-widget-container\">\n\t\t\t\t\t\t\t\t\t\t\t\t\t\t\t<img decoding=\"async\" src=\"https:\/\/zamawelding.sk\/wp-content\/uploads\/elementor\/thumbs\/iso-1090-AJ-scaled-r6synfy9lw6z7x9o6srkgu5idswv2k756viucid380.jpg\" title=\"iso 1090 AJ\" alt=\"iso 1090 AJ\" loading=\"lazy\" \/>\t\t\t\t\t\t\t\t\t\t\t\t\t\t\t<\/div>\n\t\t\t\t<\/div>\n\t\t\t\t<\/div>\n\t\t\t\t<div class=\"elementor-element elementor-element-4e773ce elementor-widget elementor-widget-heading\" data-id=\"4e773ce\" data-element_type=\"widget\" data-widget_type=\"heading.default\">\n\t\t\t\t<div class=\"elementor-widget-container\">\n\t\t\t\t\t<h3 class=\"elementor-heading-title elementor-size-default\">ISO 1090-2<\/h3>\t\t\t\t<\/div>\n\t\t\t\t<\/div>\n\t\t\t\t<div class=\"elementor-element elementor-element-df9589d elementor-widget elementor-widget-heading\" data-id=\"df9589d\" data-element_type=\"widget\" data-widget_type=\"heading.default\">\n\t\t\t\t<div class=\"elementor-widget-container\">\n\t\t\t\t\t<h3 class=\"elementor-heading-title elementor-size-default\">Syst\u00e8me de gestion de la qualit\u00e9<\/h3>\t\t\t\t<\/div>\n\t\t\t\t<\/div>\n\t\t\t\t<\/div>\n\t\t<div class=\"elementor-element elementor-element-0a349f3 e-con-full e-flex e-con e-child\" data-id=\"0a349f3\" data-element_type=\"container\">\n\t\t<div class=\"elementor-element elementor-element-5348330 e-con-full e-flex e-con e-child\" data-id=\"5348330\" data-element_type=\"container\" data-settings=\"{&quot;background_background&quot;:&quot;classic&quot;}\">\n\t\t\t\t<div class=\"elementor-element elementor-element-10d12d2 elementor-widget__width-inherit elementor-widget elementor-widget-image\" data-id=\"10d12d2\" data-element_type=\"widget\" data-widget_type=\"image.default\">\n\t\t\t\t<div class=\"elementor-widget-container\">\n\t\t\t\t\t\t\t\t\t\t\t\t\t\t\t<img decoding=\"async\" src=\"https:\/\/zamawelding.sk\/wp-content\/uploads\/elementor\/thumbs\/0cd9ce060bd3111d6a4c2e165cbc9030a857f7f5-r6synfy9lw6z7x9o6srkgu5idswv2k756viucid380.png\" title=\"0cd9ce060bd3111d6a4c2e165cbc9030a857f7f5\" alt=\"0cd9ce060bd3111d6a4c2e165cbc9030a857f7f5\" loading=\"lazy\" \/>\t\t\t\t\t\t\t\t\t\t\t\t\t\t\t<\/div>\n\t\t\t\t<\/div>\n\t\t\t\t<\/div>\n\t\t\t\t<div class=\"elementor-element elementor-element-2455c2e elementor-widget elementor-widget-heading\" data-id=\"2455c2e\" data-element_type=\"widget\" data-widget_type=\"heading.default\">\n\t\t\t\t<div class=\"elementor-widget-container\">\n\t\t\t\t\t<h3 class=\"elementor-heading-title elementor-size-default\">SCC<\/h3>\t\t\t\t<\/div>\n\t\t\t\t<\/div>\n\t\t\t\t<div class=\"elementor-element elementor-element-9031cb4 elementor-widget elementor-widget-heading\" data-id=\"9031cb4\" data-element_type=\"widget\" data-widget_type=\"heading.default\">\n\t\t\t\t<div class=\"elementor-widget-container\">\n\t\t\t\t\t<h3 class=\"elementor-heading-title elementor-size-default\">Safety Managment System<\/h3>\t\t\t\t<\/div>\n\t\t\t\t<\/div>\n\t\t\t\t<\/div>\n\t\t<div class=\"elementor-element elementor-element-14deb74 e-con-full e-flex e-con e-child\" data-id=\"14deb74\" data-element_type=\"container\">\n\t\t<div class=\"elementor-element elementor-element-8758ec0 e-con-full e-flex e-con e-child\" data-id=\"8758ec0\" data-element_type=\"container\" data-settings=\"{&quot;background_background&quot;:&quot;classic&quot;}\">\n\t\t\t\t<div class=\"elementor-element elementor-element-dcd3509 elementor-widget__width-inherit elementor-widget elementor-widget-image\" data-id=\"dcd3509\" data-element_type=\"widget\" data-widget_type=\"image.default\">\n\t\t\t\t<div class=\"elementor-widget-container\">\n\t\t\t\t\t\t\t\t\t\t\t\t\t\t\t<img decoding=\"async\" src=\"https:\/\/zamawelding.sk\/wp-content\/uploads\/elementor\/thumbs\/376d3ec72f023716e0eb9daf09fdc34f1a85d7e4-r6synfy9lw6z7x9o6srkgu5idswv2k756viucid380.png\" title=\"376d3ec72f023716e0eb9daf09fdc34f1a85d7e4\" alt=\"376d3ec72f023716e0eb9daf09fdc34f1a85d7e4\" loading=\"lazy\" \/>\t\t\t\t\t\t\t\t\t\t\t\t\t\t\t<\/div>\n\t\t\t\t<\/div>\n\t\t\t\t<\/div>\n\t\t\t\t<div class=\"elementor-element elementor-element-a30e31f elementor-widget elementor-widget-heading\" data-id=\"a30e31f\" data-element_type=\"widget\" data-widget_type=\"heading.default\">\n\t\t\t\t<div class=\"elementor-widget-container\">\n\t\t\t\t\t<h3 class=\"elementor-heading-title elementor-size-default\">\u00c9quipements techniques sous pression<\/h3>\t\t\t\t<\/div>\n\t\t\t\t<\/div>\n\t\t\t\t<div class=\"elementor-element elementor-element-5da6104 elementor-widget elementor-widget-heading\" data-id=\"5da6104\" data-element_type=\"widget\" data-widget_type=\"heading.default\">\n\t\t\t\t<div class=\"elementor-widget-container\">\n\t\t\t\t\t<h3 class=\"elementor-heading-title elementor-size-default\">Installation, r\u00e9novation, maintenance<\/h3>\t\t\t\t<\/div>\n\t\t\t\t<\/div>\n\t\t\t\t<\/div>\n\t\t<div class=\"elementor-element elementor-element-6d5a0f2 e-con-full e-flex e-con e-child\" data-id=\"6d5a0f2\" data-element_type=\"container\">\n\t\t<div class=\"elementor-element elementor-element-1774184 e-con-full e-flex e-con e-child\" data-id=\"1774184\" data-element_type=\"container\" data-settings=\"{&quot;background_background&quot;:&quot;classic&quot;}\">\n\t\t\t\t<div class=\"elementor-element elementor-element-c851f96 elementor-widget__width-inherit elementor-widget elementor-widget-image\" data-id=\"c851f96\" data-element_type=\"widget\" data-widget_type=\"image.default\">\n\t\t\t\t<div class=\"elementor-widget-container\">\n\t\t\t\t\t\t\t\t\t\t\t\t\t\t\t<img decoding=\"async\" src=\"https:\/\/zamawelding.sk\/wp-content\/uploads\/elementor\/thumbs\/41ee5e37a297c24343144a593a72ca77f55ad04a-r6synfy9lw6z7x9o6srkgu5idswv2k756viucid380.png\" title=\"41ee5e37a297c24343144a593a72ca77f55ad04a\" alt=\"41ee5e37a297c24343144a593a72ca77f55ad04a\" loading=\"lazy\" \/>\t\t\t\t\t\t\t\t\t\t\t\t\t\t\t<\/div>\n\t\t\t\t<\/div>\n\t\t\t\t<\/div>\n\t\t\t\t<div class=\"elementor-element elementor-element-40aa5f3 elementor-widget elementor-widget-heading\" data-id=\"40aa5f3\" data-element_type=\"widget\" data-widget_type=\"heading.default\">\n\t\t\t\t<div class=\"elementor-widget-container\">\n\t\t\t\t\t<h3 class=\"elementor-heading-title elementor-size-default\">\u00c9quipements techniques pour gaz<\/h3>\t\t\t\t<\/div>\n\t\t\t\t<\/div>\n\t\t\t\t<div class=\"elementor-element elementor-element-f216e6f elementor-widget elementor-widget-heading\" data-id=\"f216e6f\" data-element_type=\"widget\" data-widget_type=\"heading.default\">\n\t\t\t\t<div class=\"elementor-widget-container\">\n\t\t\t\t\t<h3 class=\"elementor-heading-title elementor-size-default\">Installation, r\u00e9novation, maintenance<\/h3>\t\t\t\t<\/div>\n\t\t\t\t<\/div>\n\t\t\t\t<\/div>\n\t\t<div class=\"elementor-element elementor-element-f44e38e e-con-full e-flex e-con e-child\" data-id=\"f44e38e\" data-element_type=\"container\">\n\t\t<div class=\"elementor-element elementor-element-bfa1676 e-con-full e-flex e-con e-child\" data-id=\"bfa1676\" data-element_type=\"container\" data-settings=\"{&quot;background_background&quot;:&quot;classic&quot;}\">\n\t\t\t\t<div class=\"elementor-element elementor-element-90d3177 elementor-widget__width-inherit elementor-widget elementor-widget-image\" data-id=\"90d3177\" data-element_type=\"widget\" data-widget_type=\"image.default\">\n\t\t\t\t<div class=\"elementor-widget-container\">\n\t\t\t\t\t\t\t\t\t\t\t\t\t\t\t<img decoding=\"async\" src=\"https:\/\/zamawelding.sk\/wp-content\/uploads\/elementor\/thumbs\/Certificate_ISO_14001_EN-rkx51udlsvr5e2cg3kx5jtpgz983u673eaympny74g.webp\" title=\"Certificate_ISO_14001_EN\" alt=\"Certificate_ISO_14001_EN\" loading=\"lazy\" \/>\t\t\t\t\t\t\t\t\t\t\t\t\t\t\t<\/div>\n\t\t\t\t<\/div>\n\t\t\t\t<\/div>\n\t\t\t\t<div class=\"elementor-element elementor-element-7651934 elementor-widget elementor-widget-heading\" data-id=\"7651934\" data-element_type=\"widget\" data-widget_type=\"heading.default\">\n\t\t\t\t<div class=\"elementor-widget-container\">\n\t\t\t\t\t<h3 class=\"elementor-heading-title elementor-size-default\">ISO 14001:2015<\/h3>\t\t\t\t<\/div>\n\t\t\t\t<\/div>\n\t\t\t\t<div class=\"elementor-element elementor-element-040f25b elementor-widget elementor-widget-heading\" data-id=\"040f25b\" data-element_type=\"widget\" data-widget_type=\"heading.default\">\n\t\t\t\t<div class=\"elementor-widget-container\">\n\t\t\t\t\t<h3 class=\"elementor-heading-title elementor-size-default\">un syst\u00e8me de gestion environnementale<\/h3>\t\t\t\t<\/div>\n\t\t\t\t<\/div>\n\t\t\t\t<\/div>\n\t\t\t\t<\/div>\n\t\t\t\t\t<\/div>\n\t\t\t\t<\/div>\n\t\t<div class=\"elementor-element elementor-element-b7dea65 e-flex e-con-boxed e-con e-parent\" data-id=\"b7dea65\" data-element_type=\"container\">\n\t\t\t\t\t<div class=\"e-con-inner\">\n\t\t<div class=\"elementor-element elementor-element-0cc942c e-flex e-con-boxed e-con e-child\" data-id=\"0cc942c\" data-element_type=\"container\" data-settings=\"{&quot;background_background&quot;:&quot;classic&quot;}\">\n\t\t\t\t\t<div class=\"e-con-inner\">\n\t\t\t\t<div class=\"elementor-element elementor-element-8f40de6 elementor-widget elementor-widget-heading\" data-id=\"8f40de6\" data-element_type=\"widget\" data-widget_type=\"heading.default\">\n\t\t\t\t<div class=\"elementor-widget-container\">\n\t\t\t\t\t<h1 class=\"elementor-heading-title elementor-size-default\">Nous r\u00e9pondons \u00e9galement aux exigences les plus strictes des clients dans divers secteurs industriels.<\/h1>\t\t\t\t<\/div>\n\t\t\t\t<\/div>\n\t\t\t\t<div class=\"elementor-element elementor-element-e92e4ad elementor-align-center elementor-widget elementor-widget-button\" data-id=\"e92e4ad\" data-element_type=\"widget\" data-widget_type=\"button.default\">\n\t\t\t\t<div class=\"elementor-widget-container\">\n\t\t\t\t\t\t\t\t\t<div class=\"elementor-button-wrapper\">\n\t\t\t\t\t<a class=\"elementor-button elementor-button-link elementor-size-sm\" href=\"https:\/\/zamawelding.sk\/fr\/contact\/\">\n\t\t\t\t\t\t<span class=\"elementor-button-content-wrapper\">\n\t\t\t\t\t\t\t\t\t<span class=\"elementor-button-text\">Contactez-nous<\/span>\n\t\t\t\t\t<\/span>\n\t\t\t\t\t<\/a>\n\t\t\t\t<\/div>\n\t\t\t\t\t\t\t\t<\/div>\n\t\t\t\t<\/div>\n\t\t\t\t\t<\/div>\n\t\t\t\t<\/div>\n\t\t\t\t\t<\/div>\n\t\t\t\t<\/div>\n\t\t\t\t<\/div>","protected":false},"excerpt":{"rendered":"<p>Certifik\u00e1ty D\u00f4raz na vysok\u00e9 \u0161tandardy kvality a bezpe\u010dnosti Na\u0161e certifik\u00e1ty potvrdzuj\u00fa, \u017ee sp\u013a\u0148ame pr\u00edsne normy vo v\u00fdrobe a mont\u00e1\u017ei potrubn\u00fdch rozvodov a\u00a0zariaden\u00ed v r\u00f4znych priemyseln\u00fdch odvetviach, vr\u00e1tane farmaceutick\u00e9ho, medic\u00ednskeho, elektronick\u00e9ho priemyslu, polovodi\u010dovej techniky a syst\u00e9mu \u010dist\u00fdch plynov. Kontaktuje n\u00e1s Certifik\u00e1ty ISO 9001 Syst\u00e9m mana\u017e\u00e9rstva kvality ISO 3834-3 Syst\u00e9m mana\u017e\u00e9rstva kvality ISO 1090-2 Syst\u00e9m mana\u017e\u00e9rstva kvality [&hellip;]<\/p>","protected":false},"author":1,"featured_media":0,"parent":0,"menu_order":0,"comment_status":"closed","ping_status":"closed","template":"","meta":{"_acf_changed":false,"footnotes":""},"class_list":["post-418","page","type-page","status-publish","hentry"],"acf":[],"_links":{"self":[{"href":"https:\/\/zamawelding.sk\/fr\/wp-json\/wp\/v2\/pages\/418","targetHints":{"allow":["GET"]}}],"collection":[{"href":"https:\/\/zamawelding.sk\/fr\/wp-json\/wp\/v2\/pages"}],"about":[{"href":"https:\/\/zamawelding.sk\/fr\/wp-json\/wp\/v2\/types\/page"}],"author":[{"embeddable":true,"href":"https:\/\/zamawelding.sk\/fr\/wp-json\/wp\/v2\/users\/1"}],"replies":[{"embeddable":true,"href":"https:\/\/zamawelding.sk\/fr\/wp-json\/wp\/v2\/comments?post=418"}],"version-history":[{"count":67,"href":"https:\/\/zamawelding.sk\/fr\/wp-json\/wp\/v2\/pages\/418\/revisions"}],"predecessor-version":[{"id":1854,"href":"https:\/\/zamawelding.sk\/fr\/wp-json\/wp\/v2\/pages\/418\/revisions\/1854"}],"wp:attachment":[{"href":"https:\/\/zamawelding.sk\/fr\/wp-json\/wp\/v2\/media?parent=418"}],"curies":[{"name":"wp","href":"https:\/\/api.w.org\/{rel}","templated":true}]}}